{"id":9709,"date":"2017-09-04T10:27:44","date_gmt":"2017-09-04T10:27:44","guid":{"rendered":"https:\/\/kuldkroon.ee\/kuldkroon\/toode\/dalvey-capsule-clock-oranz\/"},"modified":"2020-08-17T08:05:56","modified_gmt":"2020-08-17T08:05:56","slug":"dalvey-capsule-clock-oranz","status":"publish","type":"product","link":"https:\/\/kuldkroon.ee\/ru\/toode\/dalvey-capsule-clock-oranz\/","title":{"rendered":"Dalvey Capsule clock, oran\u017e"},"content":{"rendered":"","protected":false},"excerpt":{"rendered":"<p>Roostevaba teras<\/p>\n<p>Pehme kumm<\/p>\n<p>\u00c4ratuse funktsioon<\/p>\n<p>Suurus\/l\u00e4bim\u00f5\u00f5t: 80mm<\/p>\n<p>K\u00f5rgus: 29mm<\/p>\n<p>Patarei: LR44<\/p>\n<p>Kinkekarp<\/p>\n","protected":false},"featured_media":9710,"comment_status":"closed","ping_status":"closed","template":"","meta":{"_acf_changed":false},"product_brand":[],"product_cat":[1115,1118,1114],"product_tag":[],"class_list":{"0":"post-9709","1":"product","2":"type-product","3":"status-publish","4":"has-post-thumbnail","6":"product_cat-aksessuaarid","7":"product_cat-dalvey-meeste-aksessuaarid","8":"product_cat-outlet","10":"first","11":"instock","12":"sale","13":"taxable","14":"shipping-taxable","15":"purchasable","16":"product-type-simple"},"acf":[],"_links":{"self":[{"href":"https:\/\/kuldkroon.ee\/ru\/wp-json\/wp\/v2\/product\/9709","targetHints":{"allow":["GET"]}}],"collection":[{"href":"https:\/\/kuldkroon.ee\/ru\/wp-json\/wp\/v2\/product"}],"about":[{"href":"https:\/\/kuldkroon.ee\/ru\/wp-json\/wp\/v2\/types\/product"}],"replies":[{"embeddable":true,"href":"https:\/\/kuldkroon.ee\/ru\/wp-json\/wp\/v2\/comments?post=9709"}],"wp:featuredmedia":[{"embeddable":true,"href":"https:\/\/kuldkroon.ee\/ru\/wp-json\/wp\/v2\/media\/9710"}],"wp:attachment":[{"href":"https:\/\/kuldkroon.ee\/ru\/wp-json\/wp\/v2\/media?parent=9709"}],"wp:term":[{"taxonomy":"product_brand","embeddable":true,"href":"https:\/\/kuldkroon.ee\/ru\/wp-json\/wp\/v2\/product_brand?post=9709"},{"taxonomy":"product_cat","embeddable":true,"href":"https:\/\/kuldkroon.ee\/ru\/wp-json\/wp\/v2\/product_cat?post=9709"},{"taxonomy":"product_tag","embeddable":true,"href":"https:\/\/kuldkroon.ee\/ru\/wp-json\/wp\/v2\/product_tag?post=9709"}],"curies":[{"name":"wp","href":"https:\/\/api.w.org\/{rel}","templated":true}]}}