{"id":9705,"date":"2017-09-04T10:27:29","date_gmt":"2017-09-04T10:27:29","guid":{"rendered":"https:\/\/kuldkroon.ee\/kuldkroon\/toode\/dalvey-kompass-oranz\/"},"modified":"2018-10-31T14:53:31","modified_gmt":"2018-10-31T14:53:31","slug":"dalvey-kompass-oranz","status":"publish","type":"product","link":"https:\/\/kuldkroon.ee\/ru\/toode\/dalvey-kompass-oranz\/","title":{"rendered":"Dalvey kompass, Oran\u017e"},"content":{"rendered":"","protected":false},"excerpt":{"rendered":"<p>Teras<\/p>\n<p>Pehme silikonkumm<\/p>\n<p>Kinkekarp<\/p>\n<p>Suurus\/l\u00e4bim\u00f5\u00f5t: 75mm<\/p>\n<p>K\u00f5rgus: 22mm<\/p>\n","protected":false},"featured_media":9706,"comment_status":"closed","ping_status":"closed","template":"","meta":{"_acf_changed":false},"product_brand":[],"product_cat":[1115,1118],"product_tag":[],"class_list":{"0":"post-9705","1":"product","2":"type-product","3":"status-publish","4":"has-post-thumbnail","6":"product_cat-aksessuaarid","7":"product_cat-dalvey-meeste-aksessuaarid","9":"first","10":"instock","11":"sale","12":"taxable","13":"shipping-taxable","14":"purchasable","15":"product-type-simple"},"acf":[],"_links":{"self":[{"href":"https:\/\/kuldkroon.ee\/ru\/wp-json\/wp\/v2\/product\/9705","targetHints":{"allow":["GET"]}}],"collection":[{"href":"https:\/\/kuldkroon.ee\/ru\/wp-json\/wp\/v2\/product"}],"about":[{"href":"https:\/\/kuldkroon.ee\/ru\/wp-json\/wp\/v2\/types\/product"}],"replies":[{"embeddable":true,"href":"https:\/\/kuldkroon.ee\/ru\/wp-json\/wp\/v2\/comments?post=9705"}],"wp:featuredmedia":[{"embeddable":true,"href":"https:\/\/kuldkroon.ee\/ru\/wp-json\/wp\/v2\/media\/9706"}],"wp:attachment":[{"href":"https:\/\/kuldkroon.ee\/ru\/wp-json\/wp\/v2\/media?parent=9705"}],"wp:term":[{"taxonomy":"product_brand","embeddable":true,"href":"https:\/\/kuldkroon.ee\/ru\/wp-json\/wp\/v2\/product_brand?post=9705"},{"taxonomy":"product_cat","embeddable":true,"href":"https:\/\/kuldkroon.ee\/ru\/wp-json\/wp\/v2\/product_cat?post=9705"},{"taxonomy":"product_tag","embeddable":true,"href":"https:\/\/kuldkroon.ee\/ru\/wp-json\/wp\/v2\/product_tag?post=9705"}],"curies":[{"name":"wp","href":"https:\/\/api.w.org\/{rel}","templated":true}]}}