{"id":9613,"date":"2017-09-04T10:25:21","date_gmt":"2017-09-04T10:25:21","guid":{"rendered":"https:\/\/kuldkroon.ee\/kuldkroon\/toode\/saurum-mansetinoobid-hobe-6\/"},"modified":"2018-01-24T10:04:33","modified_gmt":"2018-01-24T10:04:33","slug":"saurum-mansetinoobid-hobe-6","status":"publish","type":"product","link":"https:\/\/kuldkroon.ee\/ru\/toode\/saurum-mansetinoobid-hobe-6\/","title":{"rendered":"Saurum mansetin\u00f6\u00f6bid, h\u00f5be"},"content":{"rendered":"","protected":false},"excerpt":{"rendered":"<p>Saurum mansetin\u00f6\u00f6bid<br \/>\nH\u00f5be 925\/-<br \/>\n21x10mm<br \/>\nKinkekarp<\/p>\n<p>Tarneaeg -5 p\u00e4eva<\/p>\n","protected":false},"featured_media":9614,"comment_status":"closed","ping_status":"closed","template":"","meta":{"_acf_changed":false},"product_brand":[],"product_cat":[1144],"product_tag":[],"class_list":{"0":"post-9613","1":"product","2":"type-product","3":"status-publish","4":"has-post-thumbnail","6":"product_cat-mansetinoobid-lipsunoelad","8":"first","9":"outofstock","10":"sold-individually","11":"taxable","12":"shipping-taxable","13":"purchasable","14":"product-type-simple"},"acf":[],"_links":{"self":[{"href":"https:\/\/kuldkroon.ee\/ru\/wp-json\/wp\/v2\/product\/9613","targetHints":{"allow":["GET"]}}],"collection":[{"href":"https:\/\/kuldkroon.ee\/ru\/wp-json\/wp\/v2\/product"}],"about":[{"href":"https:\/\/kuldkroon.ee\/ru\/wp-json\/wp\/v2\/types\/product"}],"replies":[{"embeddable":true,"href":"https:\/\/kuldkroon.ee\/ru\/wp-json\/wp\/v2\/comments?post=9613"}],"wp:featuredmedia":[{"embeddable":true,"href":"https:\/\/kuldkroon.ee\/ru\/wp-json\/wp\/v2\/media\/9614"}],"wp:attachment":[{"href":"https:\/\/kuldkroon.ee\/ru\/wp-json\/wp\/v2\/media?parent=9613"}],"wp:term":[{"taxonomy":"product_brand","embeddable":true,"href":"https:\/\/kuldkroon.ee\/ru\/wp-json\/wp\/v2\/product_brand?post=9613"},{"taxonomy":"product_cat","embeddable":true,"href":"https:\/\/kuldkroon.ee\/ru\/wp-json\/wp\/v2\/product_cat?post=9613"},{"taxonomy":"product_tag","embeddable":true,"href":"https:\/\/kuldkroon.ee\/ru\/wp-json\/wp\/v2\/product_tag?post=9613"}],"curies":[{"name":"wp","href":"https:\/\/api.w.org\/{rel}","templated":true}]}}