{"id":9245,"date":"2017-09-04T10:14:47","date_gmt":"2017-09-04T10:14:47","guid":{"rendered":"https:\/\/kuldkroon.ee\/kuldkroon\/toode\/saurum-lipsunoel-must-teemant\/"},"modified":"2024-12-11T10:32:50","modified_gmt":"2024-12-11T10:32:50","slug":"saurum-lipsunoel-must-teemant","status":"publish","type":"product","link":"https:\/\/kuldkroon.ee\/ru\/toode\/saurum-lipsunoel-must-teemant\/","title":{"rendered":"Saurum lipsun\u00f5el, must teemant"},"content":{"rendered":"","protected":false},"excerpt":{"rendered":"<p>Saurum lipsun\u00f5el, h\u00f5be \u00fcle kullatud<\/p>\n<p>Must teemant 0,01 karaati<\/p>\n<p>H\u00f5be 925\/-<\/p>\n<p>60x6mm<\/p>\n<p>Kinkekarp<\/p>\n","protected":false},"featured_media":9246,"comment_status":"closed","ping_status":"closed","template":"","meta":{"_acf_changed":false},"product_brand":[],"product_cat":[1144],"product_tag":[],"class_list":{"0":"post-9245","1":"product","2":"type-product","3":"status-publish","4":"has-post-thumbnail","6":"product_cat-mansetinoobid-lipsunoelad","8":"first","9":"outofstock","10":"taxable","11":"shipping-taxable","12":"purchasable","13":"product-type-simple"},"acf":[],"_links":{"self":[{"href":"https:\/\/kuldkroon.ee\/ru\/wp-json\/wp\/v2\/product\/9245","targetHints":{"allow":["GET"]}}],"collection":[{"href":"https:\/\/kuldkroon.ee\/ru\/wp-json\/wp\/v2\/product"}],"about":[{"href":"https:\/\/kuldkroon.ee\/ru\/wp-json\/wp\/v2\/types\/product"}],"replies":[{"embeddable":true,"href":"https:\/\/kuldkroon.ee\/ru\/wp-json\/wp\/v2\/comments?post=9245"}],"wp:featuredmedia":[{"embeddable":true,"href":"https:\/\/kuldkroon.ee\/ru\/wp-json\/wp\/v2\/media\/9246"}],"wp:attachment":[{"href":"https:\/\/kuldkroon.ee\/ru\/wp-json\/wp\/v2\/media?parent=9245"}],"wp:term":[{"taxonomy":"product_brand","embeddable":true,"href":"https:\/\/kuldkroon.ee\/ru\/wp-json\/wp\/v2\/product_brand?post=9245"},{"taxonomy":"product_cat","embeddable":true,"href":"https:\/\/kuldkroon.ee\/ru\/wp-json\/wp\/v2\/product_cat?post=9245"},{"taxonomy":"product_tag","embeddable":true,"href":"https:\/\/kuldkroon.ee\/ru\/wp-json\/wp\/v2\/product_tag?post=9245"}],"curies":[{"name":"wp","href":"https:\/\/api.w.org\/{rel}","templated":true}]}}