{"id":24175,"date":"2023-01-17T12:58:51","date_gmt":"2023-01-17T12:58:51","guid":{"rendered":"https:\/\/kuldkroon.ee\/?post_type=product&#038;p=24175"},"modified":"2023-01-17T12:58:51","modified_gmt":"2023-01-17T12:58:51","slug":"abielusormused-32","status":"publish","type":"product","link":"https:\/\/kuldkroon.ee\/ru\/toode\/abielusormused-32\/","title":{"rendered":"IKAROS Timeless"},"content":{"rendered":"<p><strong>IKAROS\u00a0<\/strong>\u00a0\u2013 siia tooter\u00fchma oleme koondanud\u00a0 s\u00f5rmuste mudelid, mille disain on meie endi poolt hoolikalt valitud. Pea k\u00f5ikide mudelite laiust saab varieerida vastavalt soovile. Piltidel toodud kivid s\u00f5rmustes on v\u00f5imalus, mitte kohustus. Ka nende arvu saab vabalt ise valida. Valida saab ka kas looduslike teemantite v\u00f5i tsirkoonide vahel, mis s\u00f5rmuse v\u00e4limuses v\u00e4ga ei eristu, k\u00fcll aga oluliselt hinnas!<br \/>\nK\u00f5iki IKAROS mudeleid saab valida ka valgest, kollasest v\u00f5i roosast kullast prooviga 585\/- (14Kt) v\u00f5i 750\/- (18Kt)<\/p>\n","protected":false},"excerpt":{"rendered":"<p class=\"qtranxs-available-languages-message qtranxs-available-languages-message-ru\">\u0418\u0437\u0432\u0438\u043d\u0438\u0442\u0435, \u044d\u0442\u043e\u0442 \u0442\u0435\u043a\u0441\u0442 \u0434\u043e\u0441\u0442\u0443\u043f\u0435\u043d \u0442\u043e\u043b\u044c\u043a\u043e \u043d\u0430 &ldquo;<a href=\"https:\/\/kuldkroon.ee\/et\/wp-json\/wp\/v2\/product\/24175\" class=\"qtranxs-available-language-link qtranxs-available-language-link-et\" title=\"Eesti\">Eesti<\/a>&rdquo;.<\/p>\n","protected":false},"featured_media":24176,"comment_status":"open","ping_status":"closed","template":"","meta":{"_acf_changed":false},"product_brand":[],"product_cat":[1275],"product_tag":[],"class_list":{"0":"post-24175","1":"product","2":"type-product","3":"status-publish","4":"has-post-thumbnail","6":"product_cat-ikaros-timeless","8":"first","9":"instock","10":"taxable","11":"shipping-taxable","12":"product-type-simple"},"acf":[],"_links":{"self":[{"href":"https:\/\/kuldkroon.ee\/ru\/wp-json\/wp\/v2\/product\/24175","targetHints":{"allow":["GET"]}}],"collection":[{"href":"https:\/\/kuldkroon.ee\/ru\/wp-json\/wp\/v2\/product"}],"about":[{"href":"https:\/\/kuldkroon.ee\/ru\/wp-json\/wp\/v2\/types\/product"}],"replies":[{"embeddable":true,"href":"https:\/\/kuldkroon.ee\/ru\/wp-json\/wp\/v2\/comments?post=24175"}],"wp:featuredmedia":[{"embeddable":true,"href":"https:\/\/kuldkroon.ee\/ru\/wp-json\/wp\/v2\/media\/24176"}],"wp:attachment":[{"href":"https:\/\/kuldkroon.ee\/ru\/wp-json\/wp\/v2\/media?parent=24175"}],"wp:term":[{"taxonomy":"product_brand","embeddable":true,"href":"https:\/\/kuldkroon.ee\/ru\/wp-json\/wp\/v2\/product_brand?post=24175"},{"taxonomy":"product_cat","embeddable":true,"href":"https:\/\/kuldkroon.ee\/ru\/wp-json\/wp\/v2\/product_cat?post=24175"},{"taxonomy":"product_tag","embeddable":true,"href":"https:\/\/kuldkroon.ee\/ru\/wp-json\/wp\/v2\/product_tag?post=24175"}],"curies":[{"name":"wp","href":"https:\/\/api.w.org\/{rel}","templated":true}]}}