{"id":18664,"date":"2019-03-12T13:22:39","date_gmt":"2019-03-12T13:22:39","guid":{"rendered":"https:\/\/kuldkroon.ee\/?post_type=product&#038;p=18664"},"modified":"2020-03-25T13:12:15","modified_gmt":"2020-03-25T13:12:15","slug":"exclusiv-54","status":"publish","type":"product","link":"https:\/\/kuldkroon.ee\/ru\/toode\/exclusiv-54\/","title":{"rendered":"Exclusiv"},"content":{"rendered":"<p>August Gerstner abielus\u00f5rmusega kaasneb lubadus \u2013 s\u00f5rmus eluks ajaks!<\/p>\n<p>Alates momendist kui sa paned s\u00f5rme selle s\u00f5rmuse, on see sinuga terve \u00fclej\u00e4\u00e4nud elu. T\u00e4nu sellele, et enam kui 150 aastase ajalooga Saksamaa s\u00f5rmuste tootja valmistab k\u00f5ik sulamid ise, tagab see erakordse kvaliteedi ja vastupidavuse.<\/p>\n<p>K\u00f5ik August Gerstneri s\u00f5rmused on nikli vabad!<\/p>","protected":false},"excerpt":{"rendered":"<p>August Gerstner Exclusiv abielus\u00f5rmused<\/p>\n<p>1 briljantlihvis teemant 0,06 karaati Top Wesselton Si<\/p>\n<p>Saadavad materjalid: kollane kuld, valge kuld<\/p>\n<p>S\u00f5rmuste laius 4-4,5mm<\/p>\n<p>Kinkekarp<\/p>\n<p>Tasuta graveering<\/p>\n<p>Tarneaeg -14 p\u00e4eva<\/p>\n","protected":false},"featured_media":18665,"comment_status":"open","ping_status":"closed","template":"","meta":{"_acf_changed":false},"product_brand":[],"product_cat":[1155,1175],"product_tag":[],"class_list":{"0":"post-18664","1":"product","2":"type-product","3":"status-publish","4":"has-post-thumbnail","6":"product_cat-abielusormused","7":"product_cat-exclusiv","9":"first","10":"instock","11":"taxable","12":"shipping-taxable","13":"product-type-simple"},"acf":[],"_links":{"self":[{"href":"https:\/\/kuldkroon.ee\/ru\/wp-json\/wp\/v2\/product\/18664","targetHints":{"allow":["GET"]}}],"collection":[{"href":"https:\/\/kuldkroon.ee\/ru\/wp-json\/wp\/v2\/product"}],"about":[{"href":"https:\/\/kuldkroon.ee\/ru\/wp-json\/wp\/v2\/types\/product"}],"replies":[{"embeddable":true,"href":"https:\/\/kuldkroon.ee\/ru\/wp-json\/wp\/v2\/comments?post=18664"}],"wp:featuredmedia":[{"embeddable":true,"href":"https:\/\/kuldkroon.ee\/ru\/wp-json\/wp\/v2\/media\/18665"}],"wp:attachment":[{"href":"https:\/\/kuldkroon.ee\/ru\/wp-json\/wp\/v2\/media?parent=18664"}],"wp:term":[{"taxonomy":"product_brand","embeddable":true,"href":"https:\/\/kuldkroon.ee\/ru\/wp-json\/wp\/v2\/product_brand?post=18664"},{"taxonomy":"product_cat","embeddable":true,"href":"https:\/\/kuldkroon.ee\/ru\/wp-json\/wp\/v2\/product_cat?post=18664"},{"taxonomy":"product_tag","embeddable":true,"href":"https:\/\/kuldkroon.ee\/ru\/wp-json\/wp\/v2\/product_tag?post=18664"}],"curies":[{"name":"wp","href":"https:\/\/api.w.org\/{rel}","templated":true}]}}