{"id":18416,"date":"2019-03-04T10:09:21","date_gmt":"2019-03-04T10:09:21","guid":{"rendered":"https:\/\/kuldkroon.ee\/?post_type=product&#038;p=18416"},"modified":"2019-03-07T12:11:54","modified_gmt":"2019-03-07T12:11:54","slug":"luxenter-korvarongad-42","status":"publish","type":"product","link":"https:\/\/kuldkroon.ee\/ru\/toode\/luxenter-korvarongad-42\/","title":{"rendered":"Luxenter k\u00f5rvar\u00f5ngad"},"content":{"rendered":"","protected":false},"excerpt":{"rendered":"<p>Luxenter k\u00f5rvar\u00f5ngad<\/p>\n<p>Teras, kullatud<\/p>\n<p>Pilliroost vitstest, kullav\u00e4rvi niidid<\/p>\n<p>pikkus 9,5 cm<\/p>\n<p>laius 9,0 cm<\/p>\n","protected":false},"featured_media":0,"comment_status":"open","ping_status":"closed","template":"","meta":{"_acf_changed":false},"product_brand":[],"product_cat":[1113,1227],"product_tag":[],"class_list":{"0":"post-18416","1":"product","2":"type-product","3":"status-publish","5":"product_cat-luxenter-hobeehted","6":"product_cat-terasest-ehted","8":"first","9":"instock","10":"taxable","11":"shipping-taxable","12":"purchasable","13":"product-type-simple"},"acf":[],"_links":{"self":[{"href":"https:\/\/kuldkroon.ee\/ru\/wp-json\/wp\/v2\/product\/18416","targetHints":{"allow":["GET"]}}],"collection":[{"href":"https:\/\/kuldkroon.ee\/ru\/wp-json\/wp\/v2\/product"}],"about":[{"href":"https:\/\/kuldkroon.ee\/ru\/wp-json\/wp\/v2\/types\/product"}],"replies":[{"embeddable":true,"href":"https:\/\/kuldkroon.ee\/ru\/wp-json\/wp\/v2\/comments?post=18416"}],"wp:attachment":[{"href":"https:\/\/kuldkroon.ee\/ru\/wp-json\/wp\/v2\/media?parent=18416"}],"wp:term":[{"taxonomy":"product_brand","embeddable":true,"href":"https:\/\/kuldkroon.ee\/ru\/wp-json\/wp\/v2\/product_brand?post=18416"},{"taxonomy":"product_cat","embeddable":true,"href":"https:\/\/kuldkroon.ee\/ru\/wp-json\/wp\/v2\/product_cat?post=18416"},{"taxonomy":"product_tag","embeddable":true,"href":"https:\/\/kuldkroon.ee\/ru\/wp-json\/wp\/v2\/product_tag?post=18416"}],"curies":[{"name":"wp","href":"https:\/\/api.w.org\/{rel}","templated":true}]}}