{"id":18108,"date":"2018-12-12T13:25:48","date_gmt":"2018-12-12T13:25:48","guid":{"rendered":"https:\/\/kuldkroon.ee\/?post_type=product&#038;p=18108"},"modified":"2021-05-03T07:42:05","modified_gmt":"2021-05-03T07:42:05","slug":"candino-meeste-kaekell-2","status":"publish","type":"product","link":"https:\/\/kuldkroon.ee\/ru\/toode\/candino-meeste-kaekell-2\/","title":{"rendered":"Candino meeste k\u00e4ekell"},"content":{"rendered":"","protected":false},"excerpt":{"rendered":"<p>Quartz, Swiss made<\/p>\n<p>Safiirklaas<\/p>\n<p>L\u00e4bim\u00f5\u00f5t 41mm<\/p>\n<p>Nahast rihm, terasest korpus<\/p>\n<p>Veepidavus 50m (5ATM)<\/p>\n<p>Kinkekarp<\/p>\n","protected":false},"featured_media":18109,"comment_status":"open","ping_status":"closed","template":"","meta":{"_acf_changed":false},"product_brand":[],"product_cat":[1116,1125],"product_tag":[],"class_list":{"0":"post-18108","1":"product","2":"type-product","3":"status-publish","4":"has-post-thumbnail","6":"product_cat-kellad","7":"product_cat-candino","9":"first","10":"outofstock","11":"sale","12":"taxable","13":"shipping-taxable","14":"purchasable","15":"product-type-simple"},"acf":[],"_links":{"self":[{"href":"https:\/\/kuldkroon.ee\/ru\/wp-json\/wp\/v2\/product\/18108","targetHints":{"allow":["GET"]}}],"collection":[{"href":"https:\/\/kuldkroon.ee\/ru\/wp-json\/wp\/v2\/product"}],"about":[{"href":"https:\/\/kuldkroon.ee\/ru\/wp-json\/wp\/v2\/types\/product"}],"replies":[{"embeddable":true,"href":"https:\/\/kuldkroon.ee\/ru\/wp-json\/wp\/v2\/comments?post=18108"}],"wp:featuredmedia":[{"embeddable":true,"href":"https:\/\/kuldkroon.ee\/ru\/wp-json\/wp\/v2\/media\/18109"}],"wp:attachment":[{"href":"https:\/\/kuldkroon.ee\/ru\/wp-json\/wp\/v2\/media?parent=18108"}],"wp:term":[{"taxonomy":"product_brand","embeddable":true,"href":"https:\/\/kuldkroon.ee\/ru\/wp-json\/wp\/v2\/product_brand?post=18108"},{"taxonomy":"product_cat","embeddable":true,"href":"https:\/\/kuldkroon.ee\/ru\/wp-json\/wp\/v2\/product_cat?post=18108"},{"taxonomy":"product_tag","embeddable":true,"href":"https:\/\/kuldkroon.ee\/ru\/wp-json\/wp\/v2\/product_tag?post=18108"}],"curies":[{"name":"wp","href":"https:\/\/api.w.org\/{rel}","templated":true}]}}