{"id":18098,"date":"2018-12-12T13:09:50","date_gmt":"2018-12-12T13:09:50","guid":{"rendered":"https:\/\/kuldkroon.ee\/?post_type=product&#038;p=18098"},"modified":"2025-09-01T11:27:13","modified_gmt":"2025-09-01T11:27:13","slug":"candino-meeste-kaekell","status":"publish","type":"product","link":"https:\/\/kuldkroon.ee\/ru\/toode\/candino-meeste-kaekell\/","title":{"rendered":"Candino meeste k\u00e4ekell"},"content":{"rendered":"","protected":false},"excerpt":{"rendered":"<p>Candino meest k\u00e4ekell<\/p>\n<p>Quartz, Swiss made<\/p>\n<p>Safiirklaas<\/p>\n<p>L\u00e4bim\u00f5\u00f5t 41mm<\/p>\n<p>Nahast rihm, terasest korpus<\/p>\n<p>Veepidavus 30m (3ATM)<\/p>\n<p>Kinkekarp<\/p>\n<p>&nbsp;<\/p>\n<p>&nbsp;<\/p>\n","protected":false},"featured_media":18099,"comment_status":"open","ping_status":"closed","template":"","meta":{"_acf_changed":false},"product_brand":[],"product_cat":[1125],"product_tag":[],"class_list":{"0":"post-18098","1":"product","2":"type-product","3":"status-publish","4":"has-post-thumbnail","6":"product_cat-candino","8":"first","9":"instock","10":"taxable","11":"shipping-taxable","12":"purchasable","13":"product-type-simple"},"acf":[],"_links":{"self":[{"href":"https:\/\/kuldkroon.ee\/ru\/wp-json\/wp\/v2\/product\/18098","targetHints":{"allow":["GET"]}}],"collection":[{"href":"https:\/\/kuldkroon.ee\/ru\/wp-json\/wp\/v2\/product"}],"about":[{"href":"https:\/\/kuldkroon.ee\/ru\/wp-json\/wp\/v2\/types\/product"}],"replies":[{"embeddable":true,"href":"https:\/\/kuldkroon.ee\/ru\/wp-json\/wp\/v2\/comments?post=18098"}],"wp:featuredmedia":[{"embeddable":true,"href":"https:\/\/kuldkroon.ee\/ru\/wp-json\/wp\/v2\/media\/18099"}],"wp:attachment":[{"href":"https:\/\/kuldkroon.ee\/ru\/wp-json\/wp\/v2\/media?parent=18098"}],"wp:term":[{"taxonomy":"product_brand","embeddable":true,"href":"https:\/\/kuldkroon.ee\/ru\/wp-json\/wp\/v2\/product_brand?post=18098"},{"taxonomy":"product_cat","embeddable":true,"href":"https:\/\/kuldkroon.ee\/ru\/wp-json\/wp\/v2\/product_cat?post=18098"},{"taxonomy":"product_tag","embeddable":true,"href":"https:\/\/kuldkroon.ee\/ru\/wp-json\/wp\/v2\/product_tag?post=18098"}],"curies":[{"name":"wp","href":"https:\/\/api.w.org\/{rel}","templated":true}]}}