{"id":18077,"date":"2018-12-06T12:15:55","date_gmt":"2018-12-06T12:15:55","guid":{"rendered":"https:\/\/kuldkroon.ee\/?post_type=product&#038;p=18077"},"modified":"2018-12-06T12:15:55","modified_gmt":"2018-12-06T12:15:55","slug":"luxenter-korvarongad-67","status":"publish","type":"product","link":"https:\/\/kuldkroon.ee\/ru\/toode\/luxenter-korvarongad-67\/","title":{"rendered":"Luxenter k\u00f5rvar\u00f5ngad"},"content":{"rendered":"","protected":false},"excerpt":{"rendered":"<p>Luxenter k\u00f5rvar\u00f5ngad<\/p>\n<p>H\u00f5be 925<\/p>\n<p>Tsirkooniad<\/p>\n<p>Pikkus 5,5cm<\/p>\n<p>Kinkekarp<\/p>\n","protected":false},"featured_media":18078,"comment_status":"open","ping_status":"closed","template":"","meta":{"_acf_changed":false},"product_brand":[],"product_cat":[1113,1131],"product_tag":[],"class_list":{"0":"post-18077","1":"product","2":"type-product","3":"status-publish","4":"has-post-thumbnail","6":"product_cat-luxenter-hobeehted","7":"product_cat-hobedast-korvarongad-juveeli-ja-ehted","9":"first","10":"instock","11":"taxable","12":"shipping-taxable","13":"purchasable","14":"product-type-simple"},"acf":[],"_links":{"self":[{"href":"https:\/\/kuldkroon.ee\/ru\/wp-json\/wp\/v2\/product\/18077","targetHints":{"allow":["GET"]}}],"collection":[{"href":"https:\/\/kuldkroon.ee\/ru\/wp-json\/wp\/v2\/product"}],"about":[{"href":"https:\/\/kuldkroon.ee\/ru\/wp-json\/wp\/v2\/types\/product"}],"replies":[{"embeddable":true,"href":"https:\/\/kuldkroon.ee\/ru\/wp-json\/wp\/v2\/comments?post=18077"}],"wp:featuredmedia":[{"embeddable":true,"href":"https:\/\/kuldkroon.ee\/ru\/wp-json\/wp\/v2\/media\/18078"}],"wp:attachment":[{"href":"https:\/\/kuldkroon.ee\/ru\/wp-json\/wp\/v2\/media?parent=18077"}],"wp:term":[{"taxonomy":"product_brand","embeddable":true,"href":"https:\/\/kuldkroon.ee\/ru\/wp-json\/wp\/v2\/product_brand?post=18077"},{"taxonomy":"product_cat","embeddable":true,"href":"https:\/\/kuldkroon.ee\/ru\/wp-json\/wp\/v2\/product_cat?post=18077"},{"taxonomy":"product_tag","embeddable":true,"href":"https:\/\/kuldkroon.ee\/ru\/wp-json\/wp\/v2\/product_tag?post=18077"}],"curies":[{"name":"wp","href":"https:\/\/api.w.org\/{rel}","templated":true}]}}