{"id":17952,"date":"2018-11-27T15:14:40","date_gmt":"2018-11-27T15:14:40","guid":{"rendered":"https:\/\/kuldkroon.ee\/?post_type=product&#038;p=17952"},"modified":"2025-01-09T15:42:19","modified_gmt":"2025-01-09T15:42:19","slug":"klassiker","status":"publish","type":"product","link":"https:\/\/kuldkroon.ee\/ru\/toode\/klassiker\/","title":{"rendered":"Ajatu klassika"},"content":{"rendered":"<p><strong>HAPPY LOVE COLLECTION<\/strong> s\u00f5rmused valmivad Saksamaal, ajaloolises juveliiride linnakeses, Pforzheimis. K\u00f5rge kvaliteet on siin kohtunud s\u00f5bralike hindadega. K\u00f5iki mudeleid saab tellida kullaprooviga 375\/-\u00a0 585\/-\u00a0 750\/- v\u00f5i palladiumist prooviga 500\/- ja 950\/- ning plaatinast prooviga 600\/- v\u00f5i 950\/-<\/p>\n","protected":false},"excerpt":{"rendered":"<p><strong>Happy Love abielus\u00f5rmused<\/strong><\/p>\n<p>1 briljantlihvis teemant 0,015 ct Top Wesselton \/ Si<\/p>\n<p>Saadavad materjalid: roosa, kollane ja valge kuld ning pallaadium ja plaatina<\/p>\n<p>S\u00f5rmuste laius 4,5 mm, paksus 1,5 mm<br \/>\n(v\u00f5imalik ka ilma kivita)<br \/>\nSeda mudelit valmistatakse ka laiuses 3,5 kuni 6,0 mm!<\/p>\n<p>Tasuta graveering ja kinkekarp<\/p>\n<p>Tarneaeg -14 p\u00e4eva<\/p>\n","protected":false},"featured_media":17953,"comment_status":"open","ping_status":"closed","template":"","meta":{"_acf_changed":false},"product_brand":[],"product_cat":[1223],"product_tag":[],"class_list":{"0":"post-17952","1":"product","2":"type-product","3":"status-publish","4":"has-post-thumbnail","6":"product_cat-klassiker","8":"first","9":"instock","10":"taxable","11":"shipping-taxable","12":"product-type-simple"},"acf":[],"_links":{"self":[{"href":"https:\/\/kuldkroon.ee\/ru\/wp-json\/wp\/v2\/product\/17952","targetHints":{"allow":["GET"]}}],"collection":[{"href":"https:\/\/kuldkroon.ee\/ru\/wp-json\/wp\/v2\/product"}],"about":[{"href":"https:\/\/kuldkroon.ee\/ru\/wp-json\/wp\/v2\/types\/product"}],"replies":[{"embeddable":true,"href":"https:\/\/kuldkroon.ee\/ru\/wp-json\/wp\/v2\/comments?post=17952"}],"wp:featuredmedia":[{"embeddable":true,"href":"https:\/\/kuldkroon.ee\/ru\/wp-json\/wp\/v2\/media\/17953"}],"wp:attachment":[{"href":"https:\/\/kuldkroon.ee\/ru\/wp-json\/wp\/v2\/media?parent=17952"}],"wp:term":[{"taxonomy":"product_brand","embeddable":true,"href":"https:\/\/kuldkroon.ee\/ru\/wp-json\/wp\/v2\/product_brand?post=17952"},{"taxonomy":"product_cat","embeddable":true,"href":"https:\/\/kuldkroon.ee\/ru\/wp-json\/wp\/v2\/product_cat?post=17952"},{"taxonomy":"product_tag","embeddable":true,"href":"https:\/\/kuldkroon.ee\/ru\/wp-json\/wp\/v2\/product_tag?post=17952"}],"curies":[{"name":"wp","href":"https:\/\/api.w.org\/{rel}","templated":true}]}}