{"id":17902,"date":"2018-11-20T15:36:48","date_gmt":"2018-11-20T15:36:48","guid":{"rendered":"https:\/\/kuldkroon.ee\/?post_type=product&#038;p=17902"},"modified":"2025-01-13T13:15:57","modified_gmt":"2025-01-13T13:15:57","slug":"ajatu-klassika-19","status":"publish","type":"product","link":"https:\/\/kuldkroon.ee\/ru\/toode\/ajatu-klassika-19\/","title":{"rendered":"Ajatu disain"},"content":{"rendered":"<p><strong>HAPPY LOVE COLLECTION<\/strong> s\u00f5rmused valmivad Saksamaal, ajaloolises juveliiride linnakeses, Pforzheimis. K\u00f5rge kvaliteet on siin kohtunud s\u00f5bralike hindadega. K\u00f5iki mudeleid saab tellida kullaprooviga 375\/-\u00a0 585\/-\u00a0 750\/- v\u00f5i palladiumist prooviga 500\/- ja 950\/- ning plaatinast prooviga 600\/- v\u00f5i 950\/-<\/p>\n","protected":false},"excerpt":{"rendered":"<div class=\"single-product-infos\">\n<div class=\"product_infos\">\n<div class=\"woocommerce-product-details__short-description\">\n<p><strong>O\u0431\u0440\u0443\u0447\u0430\u043b\u044c\u043d\u044b\u0435 \u043a\u043e\u043b\u044c\u0446\u0430 HAPPY LOVE<\/strong><\/p>\n<p>3 \u0431\u0440\u0438\u043b\u043b\u0438\u0430\u043d\u0442\u0430 \u043a\u043b\u0430\u0441\u0441\u0438\u0447\u0435\u0441\u043a\u043e\u0439 \u043e\u0433\u0440\u0430\u043d\u043a\u0438 0,02 \u043a\u0430\u0440\u0430\u0442\u0430 Top Wesselton \/ Si<\/p>\n<p>\u0414\u043e\u0441\u0442\u0443\u043f\u043d\u044b\u0435 \u043c\u0430\u0442\u0435\u0440\u0438\u0430\u043b\u044b: \u0440\u043e\u0437\u043e\u0432\u043e\u0435, \u0436\u0435\u043b\u0442\u043e\u0435 \u0438 \u0431\u0435\u043b\u043e\u0435 \u0437\u043e\u043b\u043e\u0442\u043e 375\/- 585\/- \u0438\u043b\u0438 750\/- \u0438 \u043f\u0430\u043b\u043b\u0430\u0434\u0438\u0439 \u0438 \u043f\u043b\u0430\u0442\u0438\u043d\u0430<\/p>\n<p>\u0428\u0438\u0440\u0438\u043d\u0430 \u043a\u043e\u043b\u0435\u0446 4,5 \u043c\u043c, \u0442\u043e\u043b\u0449\u0438\u043d\u0430 1,2 \u043c\u043c.<\/p>\n<p><strong>\u0417\u0430\u043f\u0440\u043e\u0441\u0438\u0442\u0435 \u0440\u0430\u0441\u0446\u0435\u043d\u043a\u0438 \u043d\u0430 \u0436\u0435\u043b\u0430\u0435\u043c\u044b\u0439 \u0446\u0432\u0435\u0442 \u0434\u0440\u0430\u0433\u043e\u0446\u0435\u043d\u043d\u043e\u0433\u043e \u043c\u0435\u0442\u0430\u043b\u043b\u0430, \u043f\u0440\u043e\u0431\u0443 \u0437\u043e\u043b\u043e\u0442\u0430,<br \/>\n\u0434\u043b\u044f \u0448\u0438\u0440\u0438\u043d\u044b \u0438 \u0440\u0430\u0437\u043c\u0435\u0440\u043e\u0432 \u043a\u043e\u043b\u0435\u0446!<\/strong><\/p>\n<p>\u0411\u0435\u0441\u043f\u043b\u0430\u0442\u043d\u0430\u044f \u0433\u0440\u0430\u0432\u0438\u0440\u043e\u0432\u043a\u0430 \u0438 \u043f\u043e\u0434\u0430\u0440\u043e\u0447\u043d\u0430\u044f \u043a\u043e\u0440\u043e\u0431\u043a\u0430<\/p>\n<\/div>\n<div id=\"enquiry\"><input class=\"contact wpi-button single_add_to_cart_button button alt\" name=\"contact\" type=\"button\" value=\"K\u00fcsi pakkumist toote kohta\" \/><\/div>\n<\/div>\n<\/div>\n<p>&nbsp;<\/p>\n<p>&nbsp;<\/p>\n","protected":false},"featured_media":17903,"comment_status":"open","ping_status":"closed","template":"","meta":{"_acf_changed":false},"product_brand":[],"product_cat":[1155,1222],"product_tag":[],"class_list":{"0":"post-17902","1":"product","2":"type-product","3":"status-publish","4":"has-post-thumbnail","6":"product_cat-abielusormused","7":"product_cat-soodsad-abielusormused","9":"first","10":"instock","11":"featured","12":"taxable","13":"shipping-taxable","14":"product-type-simple"},"acf":[],"_links":{"self":[{"href":"https:\/\/kuldkroon.ee\/ru\/wp-json\/wp\/v2\/product\/17902","targetHints":{"allow":["GET"]}}],"collection":[{"href":"https:\/\/kuldkroon.ee\/ru\/wp-json\/wp\/v2\/product"}],"about":[{"href":"https:\/\/kuldkroon.ee\/ru\/wp-json\/wp\/v2\/types\/product"}],"replies":[{"embeddable":true,"href":"https:\/\/kuldkroon.ee\/ru\/wp-json\/wp\/v2\/comments?post=17902"}],"wp:featuredmedia":[{"embeddable":true,"href":"https:\/\/kuldkroon.ee\/ru\/wp-json\/wp\/v2\/media\/17903"}],"wp:attachment":[{"href":"https:\/\/kuldkroon.ee\/ru\/wp-json\/wp\/v2\/media?parent=17902"}],"wp:term":[{"taxonomy":"product_brand","embeddable":true,"href":"https:\/\/kuldkroon.ee\/ru\/wp-json\/wp\/v2\/product_brand?post=17902"},{"taxonomy":"product_cat","embeddable":true,"href":"https:\/\/kuldkroon.ee\/ru\/wp-json\/wp\/v2\/product_cat?post=17902"},{"taxonomy":"product_tag","embeddable":true,"href":"https:\/\/kuldkroon.ee\/ru\/wp-json\/wp\/v2\/product_tag?post=17902"}],"curies":[{"name":"wp","href":"https:\/\/api.w.org\/{rel}","templated":true}]}}