{"id":17781,"date":"2018-11-08T16:19:13","date_gmt":"2018-11-08T16:19:13","guid":{"rendered":"https:\/\/kuldkroon.ee\/?post_type=product&#038;p=17781"},"modified":"2018-11-08T16:19:13","modified_gmt":"2018-11-08T16:19:13","slug":"lucienne-5","status":"publish","type":"product","link":"https:\/\/kuldkroon.ee\/ru\/toode\/lucienne-5\/","title":{"rendered":"LUCIENNE"},"content":{"rendered":"<h3>FURRER JACOT \u2013 aastast 1858 Schaffhausenis, Sveitsis asuv juveelifirma on spetsialiseerunud k\u00e4sit\u00f6\u00f6na valmistatavatele kihla- ja abielus\u00f5rmustele. \u00dcleilmselt on tootja tuntud oma k\u00f5rge loovuse ja eksklusiivsuse poolest.<\/h3>\n","protected":false},"excerpt":{"rendered":"<div class=\"woocommerce-product-details__short-description\">\n<p><strong>Furrer Jacot teemants\u00f5rmus<\/strong><\/p>\n<p>42 briljantlihvis teemantit kokku 0,270 karaati F-GVS<br \/>\n(keskmise teemanti suurusega 0,50 kuni 0,85 karaati)<\/p>\n<p>46 briljantlihvis teemantit kokku 0,290 karaati F-GVS<br \/>\n(keskmise teemanti suurusega 0,90 kuni 1,25 karaati)<\/p>\n<p>50\u00a0 briljantlihvis teemantit kokku 0,310 karaati F-GVS<br \/>\n(keskmise teemanti suurusega 1,26 kuni 2,00 karaati)<\/p>\n<p>Saadavad materjalid: valge v\u00f5i kollane kuld prooviga 750\/- ja plaatina prooviga 950\/-<\/p>\n<p>S\u00f5rmuse hind:<\/p>\n<\/div>\n<div id=\"enquiry\"><input class=\"contact wpi-button single_add_to_cart_button button alt\" name=\"contact\" type=\"button\" value=\"K\u00fcsi pakkumist toote kohta\" \/><\/div>\n","protected":false},"featured_media":17782,"comment_status":"open","ping_status":"closed","template":"","meta":{"_acf_changed":false},"product_brand":[],"product_cat":[1221],"product_tag":[],"class_list":{"0":"post-17781","1":"product","2":"type-product","3":"status-publish","4":"has-post-thumbnail","6":"product_cat-furrer-jacot-kihlasormused","8":"first","9":"instock","10":"taxable","11":"shipping-taxable","12":"product-type-simple"},"acf":[],"_links":{"self":[{"href":"https:\/\/kuldkroon.ee\/ru\/wp-json\/wp\/v2\/product\/17781","targetHints":{"allow":["GET"]}}],"collection":[{"href":"https:\/\/kuldkroon.ee\/ru\/wp-json\/wp\/v2\/product"}],"about":[{"href":"https:\/\/kuldkroon.ee\/ru\/wp-json\/wp\/v2\/types\/product"}],"replies":[{"embeddable":true,"href":"https:\/\/kuldkroon.ee\/ru\/wp-json\/wp\/v2\/comments?post=17781"}],"wp:featuredmedia":[{"embeddable":true,"href":"https:\/\/kuldkroon.ee\/ru\/wp-json\/wp\/v2\/media\/17782"}],"wp:attachment":[{"href":"https:\/\/kuldkroon.ee\/ru\/wp-json\/wp\/v2\/media?parent=17781"}],"wp:term":[{"taxonomy":"product_brand","embeddable":true,"href":"https:\/\/kuldkroon.ee\/ru\/wp-json\/wp\/v2\/product_brand?post=17781"},{"taxonomy":"product_cat","embeddable":true,"href":"https:\/\/kuldkroon.ee\/ru\/wp-json\/wp\/v2\/product_cat?post=17781"},{"taxonomy":"product_tag","embeddable":true,"href":"https:\/\/kuldkroon.ee\/ru\/wp-json\/wp\/v2\/product_tag?post=17781"}],"curies":[{"name":"wp","href":"https:\/\/api.w.org\/{rel}","templated":true}]}}