{"id":17764,"date":"2018-11-06T11:11:06","date_gmt":"2018-11-06T11:11:06","guid":{"rendered":"https:\/\/kuldkroon.ee\/?post_type=product&#038;p=17764"},"modified":"2026-02-06T12:06:34","modified_gmt":"2026-02-06T12:06:34","slug":"elise","status":"publish","type":"product","link":"https:\/\/kuldkroon.ee\/ru\/toode\/elise\/","title":{"rendered":"Elise"},"content":{"rendered":"<p>\u00dclipeen ornament s\u00f5rmuse pinnal j\u00e4tab teemantireale omase v\u00e4relus-effekti.<\/p>\n","protected":false},"excerpt":{"rendered":"<div class=\"woocommerce-product-details__short-description\">\n<p>Abielus\u00f5rmus<\/p>\n<ul>\n<li>valge v\u00f5i kollane kuld prooviga 585\/-<\/li>\n<li>laius 4,3 mm<\/li>\n<\/ul>\n<\/div>\n<form class=\"cart\" action=\"https:\/\/kuldkroon.ee\/?post_type=product&amp;p=17759\" enctype=\"multipart\/form-data\" method=\"post\"><\/form>\n","protected":false},"featured_media":24437,"comment_status":"open","ping_status":"closed","template":"","meta":{"_acf_changed":false},"product_brand":[],"product_cat":[1201],"product_tag":[],"class_list":{"0":"post-17764","1":"product","2":"type-product","3":"status-publish","4":"has-post-thumbnail","6":"product_cat-kohinoor-abielusormused","8":"first","9":"instock","10":"taxable","11":"shipping-taxable","12":"product-type-simple"},"acf":[],"_links":{"self":[{"href":"https:\/\/kuldkroon.ee\/ru\/wp-json\/wp\/v2\/product\/17764","targetHints":{"allow":["GET"]}}],"collection":[{"href":"https:\/\/kuldkroon.ee\/ru\/wp-json\/wp\/v2\/product"}],"about":[{"href":"https:\/\/kuldkroon.ee\/ru\/wp-json\/wp\/v2\/types\/product"}],"replies":[{"embeddable":true,"href":"https:\/\/kuldkroon.ee\/ru\/wp-json\/wp\/v2\/comments?post=17764"}],"wp:featuredmedia":[{"embeddable":true,"href":"https:\/\/kuldkroon.ee\/ru\/wp-json\/wp\/v2\/media\/24437"}],"wp:attachment":[{"href":"https:\/\/kuldkroon.ee\/ru\/wp-json\/wp\/v2\/media?parent=17764"}],"wp:term":[{"taxonomy":"product_brand","embeddable":true,"href":"https:\/\/kuldkroon.ee\/ru\/wp-json\/wp\/v2\/product_brand?post=17764"},{"taxonomy":"product_cat","embeddable":true,"href":"https:\/\/kuldkroon.ee\/ru\/wp-json\/wp\/v2\/product_cat?post=17764"},{"taxonomy":"product_tag","embeddable":true,"href":"https:\/\/kuldkroon.ee\/ru\/wp-json\/wp\/v2\/product_tag?post=17764"}],"curies":[{"name":"wp","href":"https:\/\/api.w.org\/{rel}","templated":true}]}}