{"id":17761,"date":"2018-11-06T11:06:59","date_gmt":"2018-11-06T11:06:59","guid":{"rendered":"https:\/\/kuldkroon.ee\/?post_type=product&#038;p=17761"},"modified":"2026-02-06T12:07:43","modified_gmt":"2026-02-06T12:07:43","slug":"erica-2","status":"publish","type":"product","link":"https:\/\/kuldkroon.ee\/ru\/toode\/erica-2\/","title":{"rendered":"Erica"},"content":{"rendered":"<p>\u00dclipeen ornament s\u00f5rmuse pinnal j\u00e4tab teemantireale omase v\u00e4relus-effekti.<\/p>\n","protected":false},"excerpt":{"rendered":"<p>Abielus\u00f5rmus<\/p>\n<ul>\n<li>kollane v\u00f5i valge kuld prooviga 585\/-<\/li>\n<li>laius 4,5 mm<\/li>\n<\/ul>\n","protected":false},"featured_media":24438,"comment_status":"open","ping_status":"closed","template":"","meta":{"_acf_changed":false},"product_brand":[],"product_cat":[1201],"product_tag":[],"class_list":{"0":"post-17761","1":"product","2":"type-product","3":"status-publish","4":"has-post-thumbnail","6":"product_cat-kohinoor-abielusormused","8":"first","9":"instock","10":"taxable","11":"shipping-taxable","12":"product-type-simple"},"acf":[],"_links":{"self":[{"href":"https:\/\/kuldkroon.ee\/ru\/wp-json\/wp\/v2\/product\/17761","targetHints":{"allow":["GET"]}}],"collection":[{"href":"https:\/\/kuldkroon.ee\/ru\/wp-json\/wp\/v2\/product"}],"about":[{"href":"https:\/\/kuldkroon.ee\/ru\/wp-json\/wp\/v2\/types\/product"}],"replies":[{"embeddable":true,"href":"https:\/\/kuldkroon.ee\/ru\/wp-json\/wp\/v2\/comments?post=17761"}],"wp:featuredmedia":[{"embeddable":true,"href":"https:\/\/kuldkroon.ee\/ru\/wp-json\/wp\/v2\/media\/24438"}],"wp:attachment":[{"href":"https:\/\/kuldkroon.ee\/ru\/wp-json\/wp\/v2\/media?parent=17761"}],"wp:term":[{"taxonomy":"product_brand","embeddable":true,"href":"https:\/\/kuldkroon.ee\/ru\/wp-json\/wp\/v2\/product_brand?post=17761"},{"taxonomy":"product_cat","embeddable":true,"href":"https:\/\/kuldkroon.ee\/ru\/wp-json\/wp\/v2\/product_cat?post=17761"},{"taxonomy":"product_tag","embeddable":true,"href":"https:\/\/kuldkroon.ee\/ru\/wp-json\/wp\/v2\/product_tag?post=17761"}],"curies":[{"name":"wp","href":"https:\/\/api.w.org\/{rel}","templated":true}]}}