{"id":17107,"date":"2018-10-03T15:40:57","date_gmt":"2018-10-03T15:40:57","guid":{"rendered":"https:\/\/kuldkroon.ee\/?post_type=product&#038;p=17107"},"modified":"2025-12-09T14:09:35","modified_gmt":"2025-12-09T14:09:35","slug":"memory-2","status":"publish","type":"product","link":"https:\/\/kuldkroon.ee\/ru\/toode\/memory-2\/","title":{"rendered":"Memory"},"content":{"rendered":"<p><strong>Memory<\/strong>\u00a0\u2013 see on s\u00f5rmuste sari, mis ilmselt v\u00e4ljub traditsiooniliste ja klassikaliste kihlas\u00f5rmuste valdkonnast. Kuid juveelimaailm pakub sedav\u00f5rd palju \u00fcllatusi ja juveeliiride meistriteoseid ei saagi enam allutada mingi kitsa valdkonna alla. Ning miks siis mitte valida oma kihlatule midagi v\u00e4ga erilist\u2026<\/p>\n","protected":false},"excerpt":{"rendered":"<p>Teemants\u00f5rmus 1,35 karaati<\/p>\n<p>Kuld prooviga 750\/- (18Kt)<\/p>\n<p>Briljantlihvis teemantid:<br \/>\n(Round brilliant) 4 x 0,020 ct SI<br \/>\n(Round brilliant) 6 x 0,030 ct SI<br \/>\n1 x 1,090 ct SI<\/p>\n<p>NB! Hind on tinglik ja s\u00f5ltub keskmise kivi saadavusest!<br \/>\nK\u00fcsi parimat pakkumist!<\/p>\n<p>Teemantitunnistus!<\/p>\n<p>Kinkekarp<\/p>\n","protected":false},"featured_media":17108,"comment_status":"open","ping_status":"closed","template":"","meta":{"_acf_changed":false},"product_brand":[],"product_cat":[1230],"product_tag":[],"class_list":{"0":"post-17107","1":"product","2":"type-product","3":"status-publish","4":"has-post-thumbnail","6":"product_cat-mitme-teemantiga","8":"first","9":"instock","10":"sale","11":"taxable","12":"shipping-taxable","13":"purchasable","14":"product-type-simple"},"acf":[],"_links":{"self":[{"href":"https:\/\/kuldkroon.ee\/ru\/wp-json\/wp\/v2\/product\/17107","targetHints":{"allow":["GET"]}}],"collection":[{"href":"https:\/\/kuldkroon.ee\/ru\/wp-json\/wp\/v2\/product"}],"about":[{"href":"https:\/\/kuldkroon.ee\/ru\/wp-json\/wp\/v2\/types\/product"}],"replies":[{"embeddable":true,"href":"https:\/\/kuldkroon.ee\/ru\/wp-json\/wp\/v2\/comments?post=17107"}],"wp:featuredmedia":[{"embeddable":true,"href":"https:\/\/kuldkroon.ee\/ru\/wp-json\/wp\/v2\/media\/17108"}],"wp:attachment":[{"href":"https:\/\/kuldkroon.ee\/ru\/wp-json\/wp\/v2\/media?parent=17107"}],"wp:term":[{"taxonomy":"product_brand","embeddable":true,"href":"https:\/\/kuldkroon.ee\/ru\/wp-json\/wp\/v2\/product_brand?post=17107"},{"taxonomy":"product_cat","embeddable":true,"href":"https:\/\/kuldkroon.ee\/ru\/wp-json\/wp\/v2\/product_cat?post=17107"},{"taxonomy":"product_tag","embeddable":true,"href":"https:\/\/kuldkroon.ee\/ru\/wp-json\/wp\/v2\/product_tag?post=17107"}],"curies":[{"name":"wp","href":"https:\/\/api.w.org\/{rel}","templated":true}]}}