{"id":17103,"date":"2018-10-03T15:08:44","date_gmt":"2018-10-03T15:08:44","guid":{"rendered":"https:\/\/kuldkroon.ee\/?post_type=product&#038;p=17103"},"modified":"2020-12-16T15:40:09","modified_gmt":"2020-12-16T15:40:09","slug":"semiprecious-4","status":"publish","type":"product","link":"https:\/\/kuldkroon.ee\/ru\/toode\/semiprecious-4\/","title":{"rendered":"Semiprecious"},"content":{"rendered":"<p><strong>Poolv\u00e4\u00e4riskivid<\/strong>\u00a0\u2013 turmaliinid, akvamariinid, amet\u00fcstid, topaasid, tansaniidid, p\u00e4rlid ja paljud, paljud teised mineraalid , on ehtekividena olnud kasutusel aastasadu. Alati erip\u00e4rase v\u00e4rvivarjundi ning erksusastmega on nad\u00a0 j\u00f5udnud ka kihlas\u00f5rmuste disainerite lauale. Miks mitte kinkida kallimale killuke v\u00e4rvik\u00fcllust, mis iseloomustab ehk k\u00f5ige paremini s\u00f5rmuse saaja hingeelu.<\/p>\n","protected":false},"excerpt":{"rendered":"<div class=\"woocommerce-product-details__short-description\">\n<p>Teemants\u00f5rmus sinitopaasiga<\/p>\n<p>Briljandid\u00a06 x 0,008 ct SI<br \/>\nBlue Topaz 1 x 2,600 ct<\/p>\n<div class=\"woocommerce-product-details__short-description\">\n<div class=\"woocommerce-product-details__short-description\">\n<p>Saadavad materjalid: valge, kollane v\u00f5i roosa kuld prooviga 585\/- (14KT)<\/p>\n<p>Kinkekarp<\/p>\n<\/div>\n<\/div>\n<\/div>\n<form class=\"cart\" action=\"https:\/\/kuldkroon.ee\/toode\/semiprecious-2\/\" enctype=\"multipart\/form-data\" method=\"post\"><\/form>\n","protected":false},"featured_media":17104,"comment_status":"open","ping_status":"closed","template":"","meta":{"_acf_changed":false},"product_brand":[],"product_cat":[1231],"product_tag":[],"class_list":{"0":"post-17103","1":"product","2":"type-product","3":"status-publish","4":"has-post-thumbnail","6":"product_cat-varvilised-vaariskivid","8":"first","9":"instock","10":"taxable","11":"shipping-taxable","12":"purchasable","13":"product-type-simple"},"acf":[],"_links":{"self":[{"href":"https:\/\/kuldkroon.ee\/ru\/wp-json\/wp\/v2\/product\/17103","targetHints":{"allow":["GET"]}}],"collection":[{"href":"https:\/\/kuldkroon.ee\/ru\/wp-json\/wp\/v2\/product"}],"about":[{"href":"https:\/\/kuldkroon.ee\/ru\/wp-json\/wp\/v2\/types\/product"}],"replies":[{"embeddable":true,"href":"https:\/\/kuldkroon.ee\/ru\/wp-json\/wp\/v2\/comments?post=17103"}],"wp:featuredmedia":[{"embeddable":true,"href":"https:\/\/kuldkroon.ee\/ru\/wp-json\/wp\/v2\/media\/17104"}],"wp:attachment":[{"href":"https:\/\/kuldkroon.ee\/ru\/wp-json\/wp\/v2\/media?parent=17103"}],"wp:term":[{"taxonomy":"product_brand","embeddable":true,"href":"https:\/\/kuldkroon.ee\/ru\/wp-json\/wp\/v2\/product_brand?post=17103"},{"taxonomy":"product_cat","embeddable":true,"href":"https:\/\/kuldkroon.ee\/ru\/wp-json\/wp\/v2\/product_cat?post=17103"},{"taxonomy":"product_tag","embeddable":true,"href":"https:\/\/kuldkroon.ee\/ru\/wp-json\/wp\/v2\/product_tag?post=17103"}],"curies":[{"name":"wp","href":"https:\/\/api.w.org\/{rel}","templated":true}]}}