{"id":17100,"date":"2018-10-02T15:43:42","date_gmt":"2018-10-02T15:43:42","guid":{"rendered":"https:\/\/kuldkroon.ee\/?post_type=product&#038;p=17100"},"modified":"2026-01-27T12:34:57","modified_gmt":"2026-01-27T12:34:57","slug":"semiprecious-3","status":"publish","type":"product","link":"https:\/\/kuldkroon.ee\/ru\/toode\/semiprecious-3\/","title":{"rendered":"Semiprecious"},"content":{"rendered":"<p><strong>Poolv\u00e4\u00e4riskivid<\/strong>\u00a0\u2013 turmaliinid, akvamariinid, amet\u00fcstid, tansaniidid, p\u00e4rlid ja paljud, paljud teised mineraalid , on ehtekividena olnud kasutusel aastasadu. Alati erip\u00e4rase v\u00e4rvivarjundi ning erksusastmega on nad\u00a0 j\u00f5udnud ka kihlas\u00f5rmuste disainerite lauale. Miks mitte kinkida kallimale killuke v\u00e4rvik\u00fcllust, mis iseloomustab ehk k\u00f5ige paremini s\u00f5rmuse saaja hingeelu.<\/p>\n","protected":false},"excerpt":{"rendered":"<div class=\"woocommerce-product-details__short-description\">\n<p>Teemants\u00f5rmus amet\u00fcstiga<\/p>\n<p>Briljandid\u00a02 x 0,050 ct G\/SI<br \/>\nAmethyst 1 x 0,930 ct<\/p>\n<div class=\"woocommerce-product-details__short-description\">\n<div class=\"woocommerce-product-details__short-description\">\n<p>Saadavad materjalid: valge, kollane v\u00f5i roosa kuld prooviga 585\/- (14KT)<\/p>\n<p>Kinkekarp<\/p>\n<\/div>\n<\/div>\n<\/div>\n<form class=\"cart\" action=\"https:\/\/kuldkroon.ee\/?post_type=product&amp;p=17097\" enctype=\"multipart\/form-data\" method=\"post\"><\/form>\n","protected":false},"featured_media":17101,"comment_status":"open","ping_status":"closed","template":"","meta":{"_acf_changed":false},"product_brand":[],"product_cat":[1157,1231],"product_tag":[],"class_list":{"0":"post-17100","1":"product","2":"type-product","3":"status-publish","4":"has-post-thumbnail","6":"product_cat-kihlasormused","7":"product_cat-varvilised-vaariskivid","9":"first","10":"instock","11":"sale","12":"taxable","13":"shipping-taxable","14":"purchasable","15":"product-type-simple"},"acf":[],"_links":{"self":[{"href":"https:\/\/kuldkroon.ee\/ru\/wp-json\/wp\/v2\/product\/17100","targetHints":{"allow":["GET"]}}],"collection":[{"href":"https:\/\/kuldkroon.ee\/ru\/wp-json\/wp\/v2\/product"}],"about":[{"href":"https:\/\/kuldkroon.ee\/ru\/wp-json\/wp\/v2\/types\/product"}],"replies":[{"embeddable":true,"href":"https:\/\/kuldkroon.ee\/ru\/wp-json\/wp\/v2\/comments?post=17100"}],"wp:featuredmedia":[{"embeddable":true,"href":"https:\/\/kuldkroon.ee\/ru\/wp-json\/wp\/v2\/media\/17101"}],"wp:attachment":[{"href":"https:\/\/kuldkroon.ee\/ru\/wp-json\/wp\/v2\/media?parent=17100"}],"wp:term":[{"taxonomy":"product_brand","embeddable":true,"href":"https:\/\/kuldkroon.ee\/ru\/wp-json\/wp\/v2\/product_brand?post=17100"},{"taxonomy":"product_cat","embeddable":true,"href":"https:\/\/kuldkroon.ee\/ru\/wp-json\/wp\/v2\/product_cat?post=17100"},{"taxonomy":"product_tag","embeddable":true,"href":"https:\/\/kuldkroon.ee\/ru\/wp-json\/wp\/v2\/product_tag?post=17100"}],"curies":[{"name":"wp","href":"https:\/\/api.w.org\/{rel}","templated":true}]}}