{"id":17095,"date":"2018-10-02T15:35:09","date_gmt":"2018-10-02T15:35:09","guid":{"rendered":"https:\/\/kuldkroon.ee\/?post_type=product&#038;p=17095"},"modified":"2025-12-09T14:36:18","modified_gmt":"2025-12-09T14:36:18","slug":"tanzaniit","status":"publish","type":"product","link":"https:\/\/www.kuldkroon.ee\/ru\/toode\/tanzaniit\/","title":{"rendered":"Semiprecious"},"content":{"rendered":"<p><strong>Poolv\u00e4\u00e4riskivid<\/strong> &#8211; turmaliinid, akvamariinid, amet\u00fcstid, tansaniidid, p\u00e4rlid ja paljud, paljud teised mineraalid , on ehtekividena olnud kasutusel aastasadu. Alati erip\u00e4rase v\u00e4rvivarjundi ning erksusastmega on nad\u00a0 j\u00f5udnud ka kihlas\u00f5rmuste disainerite lauale. Miks mitte kinkida kallimale killuke v\u00e4rvik\u00fcllust, mis iseloomustab ehk k\u00f5ige paremini s\u00f5rmuse saaja hindeelu.<\/p>","protected":false},"excerpt":{"rendered":"<p>Teemants\u00f5rmus tansaniidiga<\/p>\n<p>Briljandid 16 x 0,010 +\u00a0\u00a012 x 0,015 ct\u00a0 G\/SI<br \/>\nTanzanite 1 x 1,17 ct<\/p>\n<div class=\"woocommerce-product-details__short-description\">\n<div class=\"woocommerce-product-details__short-description\">\n<p>Saadavad materjalid: valge, kollane v\u00f5i roosa kuld prooviga 585\/- (14KT)<\/p>\n<p>Kinkekarp<\/p>\n<\/div>\n<\/div>\n","protected":false},"featured_media":17096,"comment_status":"open","ping_status":"closed","template":"","meta":{"_acf_changed":false},"product_brand":[],"product_cat":[1231],"product_tag":[],"class_list":{"0":"post-17095","1":"product","2":"type-product","3":"status-publish","4":"has-post-thumbnail","6":"product_cat-varvilised-vaariskivid","8":"first","9":"instock","10":"sale","11":"taxable","12":"shipping-taxable","13":"purchasable","14":"product-type-simple"},"acf":[],"_links":{"self":[{"href":"https:\/\/www.kuldkroon.ee\/ru\/wp-json\/wp\/v2\/product\/17095","targetHints":{"allow":["GET"]}}],"collection":[{"href":"https:\/\/www.kuldkroon.ee\/ru\/wp-json\/wp\/v2\/product"}],"about":[{"href":"https:\/\/www.kuldkroon.ee\/ru\/wp-json\/wp\/v2\/types\/product"}],"replies":[{"embeddable":true,"href":"https:\/\/www.kuldkroon.ee\/ru\/wp-json\/wp\/v2\/comments?post=17095"}],"wp:featuredmedia":[{"embeddable":true,"href":"https:\/\/www.kuldkroon.ee\/ru\/wp-json\/wp\/v2\/media\/17096"}],"wp:attachment":[{"href":"https:\/\/www.kuldkroon.ee\/ru\/wp-json\/wp\/v2\/media?parent=17095"}],"wp:term":[{"taxonomy":"product_brand","embeddable":true,"href":"https:\/\/www.kuldkroon.ee\/ru\/wp-json\/wp\/v2\/product_brand?post=17095"},{"taxonomy":"product_cat","embeddable":true,"href":"https:\/\/www.kuldkroon.ee\/ru\/wp-json\/wp\/v2\/product_cat?post=17095"},{"taxonomy":"product_tag","embeddable":true,"href":"https:\/\/www.kuldkroon.ee\/ru\/wp-json\/wp\/v2\/product_tag?post=17095"}],"curies":[{"name":"wp","href":"https:\/\/api.w.org\/{rel}","templated":true}]}}