{"id":16540,"date":"2018-09-11T12:17:11","date_gmt":"2018-09-11T12:17:11","guid":{"rendered":"https:\/\/kuldkroon.ee\/?post_type=product&#038;p=16540"},"modified":"2025-12-09T15:45:02","modified_gmt":"2025-12-09T15:45:02","slug":"rubiiniga-sormus-4","status":"publish","type":"product","link":"https:\/\/kuldkroon.ee\/ru\/toode\/rubiiniga-sormus-4\/","title":{"rendered":"Ruby &#038; Diamonds"},"content":{"rendered":"<p><strong>RUBIIN<\/strong>\u00a0\u2013 Nelja k\u00f5ige kallima v\u00e4\u00e4riskivi hulka kuuluv mineraal on korundi teisend. Rubiini v\u00e4rvus ulatub \u00f5rnpunasest s\u00fcgavpunaseni. Rubiini lihvitakse briljantlihvis kuid kasutatakse ka astmelist ja kumerlihvi. Teda on peetud vaimu ja eluj\u00f5u , armastuse ja julguse s\u00fcmboliks. Indias kutsuti rubiini kivide valitsejaks ning see oli brahmanite , vaimsust esindava k\u00f5rgema klassi kivi. Idamaade uskumuse kohaselt andvat rubiin kandjale l\u00f5vi j\u00f5u, kotka kartmatuse ja mao tarkuse.<\/p>\n","protected":false},"excerpt":{"rendered":"<p>Teemants\u00f5rmus rubiiniga<\/p>\n<p>Rubiin 0,40 karaati, 5,97*4,04 mm<br \/>\nbriljantlihvis teemantid 14\u00d70,01, kokku 0,14 karaati G\/Si<\/p>\n<p>Saadavad materjalid: valge, kollane v\u00f5i roosa kuld prooviga 585\/- (14KT)<\/p>\n<p>Kinkekarp<\/p>\n","protected":false},"featured_media":16541,"comment_status":"open","ping_status":"closed","template":"","meta":{"_acf_changed":false},"product_brand":[],"product_cat":[1231],"product_tag":[],"class_list":{"0":"post-16540","1":"product","2":"type-product","3":"status-publish","4":"has-post-thumbnail","6":"product_cat-varvilised-vaariskivid","8":"first","9":"instock","10":"sale","11":"downloadable","12":"taxable","13":"shipping-taxable","14":"purchasable","15":"product-type-simple"},"acf":[],"_links":{"self":[{"href":"https:\/\/kuldkroon.ee\/ru\/wp-json\/wp\/v2\/product\/16540","targetHints":{"allow":["GET"]}}],"collection":[{"href":"https:\/\/kuldkroon.ee\/ru\/wp-json\/wp\/v2\/product"}],"about":[{"href":"https:\/\/kuldkroon.ee\/ru\/wp-json\/wp\/v2\/types\/product"}],"replies":[{"embeddable":true,"href":"https:\/\/kuldkroon.ee\/ru\/wp-json\/wp\/v2\/comments?post=16540"}],"wp:featuredmedia":[{"embeddable":true,"href":"https:\/\/kuldkroon.ee\/ru\/wp-json\/wp\/v2\/media\/16541"}],"wp:attachment":[{"href":"https:\/\/kuldkroon.ee\/ru\/wp-json\/wp\/v2\/media?parent=16540"}],"wp:term":[{"taxonomy":"product_brand","embeddable":true,"href":"https:\/\/kuldkroon.ee\/ru\/wp-json\/wp\/v2\/product_brand?post=16540"},{"taxonomy":"product_cat","embeddable":true,"href":"https:\/\/kuldkroon.ee\/ru\/wp-json\/wp\/v2\/product_cat?post=16540"},{"taxonomy":"product_tag","embeddable":true,"href":"https:\/\/kuldkroon.ee\/ru\/wp-json\/wp\/v2\/product_tag?post=16540"}],"curies":[{"name":"wp","href":"https:\/\/api.w.org\/{rel}","templated":true}]}}