{"id":16530,"date":"2018-09-06T15:05:50","date_gmt":"2018-09-06T15:05:50","guid":{"rendered":"https:\/\/kuldkroon.ee\/?post_type=product&#038;p=16530"},"modified":"2025-12-10T10:16:15","modified_gmt":"2025-12-10T10:16:15","slug":"safiiriga-sormus","status":"publish","type":"product","link":"https:\/\/kuldkroon.ee\/ru\/toode\/safiiriga-sormus\/","title":{"rendered":"Sapphire &#038; Diamonds"},"content":{"rendered":"<p>SAFIIR &#8211; Nelja k\u00f5ige kallima v\u00e4\u00e4riskivi hulka kuuluv mineraal on korundi teisend. Enamasti tuntud oma s\u00fcgavsinise v\u00e4rvuse poolest on sinisaafiirid tuunustatud ehtekivid. Looduses leidub aga ka \u00fcsna laias v\u00e4rviskaalas safiire. Tuntuimaks sinise safiiriga kihlas\u00f5rmuseks on kahtlemata Printsess Diana kihlas\u00f5rmus.<br \/>\nRooma riigis peeti safiiri p\u00fchaks kiviks ning paavst Gregorius I Suur suisa k\u00e4skis k\u00f5igil oma kardinalidel kanda safiirs\u00f5rmust. Juudi p\u00e4rimuste j\u00e4rgi olid Saalomoni pitsat ja Siinai m\u00e4elt saadud k\u00e4sulauad valmistatud safiirist. Safiir hiilgas ka Egiptuse kuninganna Kleopatra kroonil.<\/p>","protected":false},"excerpt":{"rendered":"<p class=\"qtranxs-available-languages-message qtranxs-available-languages-message-ru\">\u0418\u0437\u0432\u0438\u043d\u0438\u0442\u0435, \u044d\u0442\u043e\u0442 \u0442\u0435\u043a\u0441\u0442 \u0434\u043e\u0441\u0442\u0443\u043f\u0435\u043d \u0442\u043e\u043b\u044c\u043a\u043e \u043d\u0430 &ldquo;<a href=\"https:\/\/kuldkroon.ee\/et\/wp-json\/wp\/v2\/product\/16530\" class=\"qtranxs-available-language-link qtranxs-available-language-link-et\" title=\"Eesti\">Eesti<\/a>&rdquo;.<\/p>\n","protected":false},"featured_media":16531,"comment_status":"open","ping_status":"closed","template":"","meta":{"_acf_changed":false},"product_brand":[],"product_cat":[1231],"product_tag":[],"class_list":{"0":"post-16530","1":"product","2":"type-product","3":"status-publish","4":"has-post-thumbnail","6":"product_cat-varvilised-vaariskivid","8":"first","9":"instock","10":"sale","11":"taxable","12":"shipping-taxable","13":"purchasable","14":"product-type-simple"},"acf":[],"_links":{"self":[{"href":"https:\/\/kuldkroon.ee\/ru\/wp-json\/wp\/v2\/product\/16530","targetHints":{"allow":["GET"]}}],"collection":[{"href":"https:\/\/kuldkroon.ee\/ru\/wp-json\/wp\/v2\/product"}],"about":[{"href":"https:\/\/kuldkroon.ee\/ru\/wp-json\/wp\/v2\/types\/product"}],"replies":[{"embeddable":true,"href":"https:\/\/kuldkroon.ee\/ru\/wp-json\/wp\/v2\/comments?post=16530"}],"wp:featuredmedia":[{"embeddable":true,"href":"https:\/\/kuldkroon.ee\/ru\/wp-json\/wp\/v2\/media\/16531"}],"wp:attachment":[{"href":"https:\/\/kuldkroon.ee\/ru\/wp-json\/wp\/v2\/media?parent=16530"}],"wp:term":[{"taxonomy":"product_brand","embeddable":true,"href":"https:\/\/kuldkroon.ee\/ru\/wp-json\/wp\/v2\/product_brand?post=16530"},{"taxonomy":"product_cat","embeddable":true,"href":"https:\/\/kuldkroon.ee\/ru\/wp-json\/wp\/v2\/product_cat?post=16530"},{"taxonomy":"product_tag","embeddable":true,"href":"https:\/\/kuldkroon.ee\/ru\/wp-json\/wp\/v2\/product_tag?post=16530"}],"curies":[{"name":"wp","href":"https:\/\/api.w.org\/{rel}","templated":true}]}}