{"id":16459,"date":"2018-09-06T09:49:35","date_gmt":"2018-09-06T09:49:35","guid":{"rendered":"https:\/\/kuldkroon.ee\/?post_type=product&#038;p=16459"},"modified":"2025-11-06T15:10:01","modified_gmt":"2025-11-06T15:10:01","slug":"solitaire-2","status":"publish","type":"product","link":"https:\/\/kuldkroon.ee\/ru\/toode\/solitaire-2\/","title":{"rendered":"Solitaire 0,18 ct"},"content":{"rendered":"<p><strong>Solitaire<\/strong> &#8211; Rahvusvaheliselt tunnustatud nimetus \u00fche teemantiga ehtele.\u00a0\u00a0Solitaire v\u00f5ib olla s\u00f5rmus, kaelakee, k\u00f5rvar\u00f5ngas v\u00f5i isegi meeste ehe. Solitaire ehted m\u00e4rgivad parimal moel \u00e4ra, kui on j\u00f5utud oma elus m\u00f5ne t\u00e4htsama s\u00fcndmuseni, nagu \u00f5rn-kuusteist\u00a0 s\u00fcnnip\u00e4ev, juubeliaasta v\u00f5i muidugi,\u00a0 k\u00f5ige t\u00e4helepanuv\u00e4\u00e4rsem &#8211;<strong> abielu ettepanek.<\/strong><\/p>\n<p>Paljud kihlujad valivad just Solitaire s\u00f5rmused oma klassikalise elegantsi t\u00f5ttu ja selle v\u00f5ime t\u00f5ttu teemanti\u00a0 ilu t\u00e4islikult n\u00e4idata. Pulmade korraldamise veebisait The Knot n\u00e4itas hiljutises uuringus, kus osales \u00fcle 7000 naise, et 25% oli saanud Solitaire s\u00f5rmused. Solitaire kategoorias on siiski ka palju erinevaid seadeid ja teemanti istutamise t\u00fc\u00fcpe, mida tuleks kaaluda selle t\u00e4iusliku kihlas\u00f5rmuse ostmisel.<\/p>\n","protected":false},"excerpt":{"rendered":"<p><strong>K\u043e\u043b\u044c\u0446\u043e \u0441 \u0431\u0440\u0438\u043b\u043b\u0438\u0430\u043d\u0442\u043e\u043c<\/strong><\/p>\n<p>\u0417\u043e\u043b\u043e\u0442\u043e 14\u041a (585\/-), \u0432\u043e\u0437\u043c\u043e\u0436\u043d\u043e \u0442\u0430\u043a\u0436\u0435 18\u041a (750\/-)<br \/>\n(\u0442\u0430\u043a\u0436\u0435 \u0432\u043e\u0437\u043c\u043e\u0436\u043d\u043e \u0436\u0435\u043b\u0442\u043e\u0435 \u0438\u043b\u0438 \u0440\u043e\u0437\u043e\u0432\u043e\u0435 \u0437\u043e\u043b\u043e\u0442\u043e)<\/p>\n<p>\u041f\u0440\u0438\u0440\u043e\u0434\u043d\u044b\u0439 \u0431\u0440\u0438\u043b\u043b\u0438\u0430\u043d\u0442 \u043a\u0440\u0443\u0433\u043b\u043e\u0439 \u0431\u0440\u0438\u043b\u043b\u0438\u0430\u043d\u0442\u043e\u0432\u043e\u0439 \u043e\u0433\u0440\u0430\u043d\u043a\u0438 0,18 \u043a\u0430\u0440\u0430\u0442\u0430 Top wesselton (G)\/Si<br \/>\n(\u0434\u0430\u043d\u043d\u0443\u044e \u043c\u043e\u0434\u0435\u043b\u044c \u0442\u0430\u043a\u0436\u0435 \u043c\u043e\u0436\u043d\u043e \u0437\u0430\u043a\u0430\u0437\u0430\u0442\u044c \u0441 \u0431\u0440\u0438\u043b\u043b\u0438\u0430\u043d\u0442\u0430\u043c\u0438 \u043e\u0442 0,05 \u0434\u043e 1,00 \u043a\u0430\u0440\u0430\u0442\u0430)<\/p>\n<p>\u0421\u0440\u043e\u043a \u043f\u043e\u0441\u0442\u0430\u0432\u043a\u0438 7-10 \u0434\u043d\u0435\u0439<\/p>\n<p>\u041f\u043e\u0434\u0430\u0440\u043e\u0447\u043d\u0430\u044f \u043a\u043e\u0440\u043e\u0431\u043a\u0430<\/p>\n","protected":false},"featured_media":16460,"comment_status":"open","ping_status":"closed","template":"","meta":{"_acf_changed":false},"product_brand":[],"product_cat":[1229],"product_tag":[],"class_list":{"0":"post-16459","1":"product","2":"type-product","3":"status-publish","4":"has-post-thumbnail","6":"product_cat-klassikalised-kihlasormused","8":"first","9":"instock","10":"sale","11":"taxable","12":"shipping-taxable","13":"purchasable","14":"product-type-simple"},"acf":[],"_links":{"self":[{"href":"https:\/\/kuldkroon.ee\/ru\/wp-json\/wp\/v2\/product\/16459","targetHints":{"allow":["GET"]}}],"collection":[{"href":"https:\/\/kuldkroon.ee\/ru\/wp-json\/wp\/v2\/product"}],"about":[{"href":"https:\/\/kuldkroon.ee\/ru\/wp-json\/wp\/v2\/types\/product"}],"replies":[{"embeddable":true,"href":"https:\/\/kuldkroon.ee\/ru\/wp-json\/wp\/v2\/comments?post=16459"}],"wp:featuredmedia":[{"embeddable":true,"href":"https:\/\/kuldkroon.ee\/ru\/wp-json\/wp\/v2\/media\/16460"}],"wp:attachment":[{"href":"https:\/\/kuldkroon.ee\/ru\/wp-json\/wp\/v2\/media?parent=16459"}],"wp:term":[{"taxonomy":"product_brand","embeddable":true,"href":"https:\/\/kuldkroon.ee\/ru\/wp-json\/wp\/v2\/product_brand?post=16459"},{"taxonomy":"product_cat","embeddable":true,"href":"https:\/\/kuldkroon.ee\/ru\/wp-json\/wp\/v2\/product_cat?post=16459"},{"taxonomy":"product_tag","embeddable":true,"href":"https:\/\/kuldkroon.ee\/ru\/wp-json\/wp\/v2\/product_tag?post=16459"}],"curies":[{"name":"wp","href":"https:\/\/api.w.org\/{rel}","templated":true}]}}