{"id":15986,"date":"2018-07-19T13:36:48","date_gmt":"2018-07-19T13:36:48","guid":{"rendered":"https:\/\/kuldkroon.ee\/?post_type=product&#038;p=15986"},"modified":"2021-01-04T13:00:53","modified_gmt":"2021-01-04T13:00:53","slug":"orsini-4","status":"publish","type":"product","link":"https:\/\/kuldkroon.ee\/ru\/toode\/orsini-4\/","title":{"rendered":"ORSINI"},"content":{"rendered":"<p><strong>ORSINI<\/strong>\u00a0\u2013 Enam kui nelik\u00fcmmend aastat p\u00fchendumust ja oskuslikku juveliiri k\u00e4sit\u00f6\u00f6d. Itaalias, Valenza kullasseppade piirkonna s\u00fcdames, Piedmonte maakonnas. Seal s\u00fcnnivad need erilised ehted.<\/p>\n<p>Traditsioon ja innovatsion, loovuslik disain ja erakordne hoolikus detailides m\u00e4rgib selle firma kollektsioone ajatus elegansis ja omas stiilis.<\/p>\n","protected":false},"excerpt":{"rendered":"<p>Teemantk\u00f5rvar\u00f5ngad 0,13 ct<\/p>\n<p>Kuld prooviga 750\/- (valge, kollane v\u00f5i punane kuld)<\/p>\n<p>14 briljantlihvis teemantit kokku 0,13 ct G\/Si<\/p>\n<p>keti pikkus 42 cm<\/p>\n<p>Kinkekarp<\/p>\n<p>Tarneaeg 10-20 p\u00e4eva<\/p>\n","protected":false},"featured_media":15987,"comment_status":"open","ping_status":"closed","template":"","meta":{"_acf_changed":false},"product_brand":[],"product_cat":[1214],"product_tag":[],"class_list":{"0":"post-15986","1":"product","2":"type-product","3":"status-publish","4":"has-post-thumbnail","6":"product_cat-orsini-kuldehted","8":"first","9":"instock","10":"sale","11":"taxable","12":"shipping-taxable","13":"purchasable","14":"product-type-simple"},"acf":[],"_links":{"self":[{"href":"https:\/\/kuldkroon.ee\/ru\/wp-json\/wp\/v2\/product\/15986","targetHints":{"allow":["GET"]}}],"collection":[{"href":"https:\/\/kuldkroon.ee\/ru\/wp-json\/wp\/v2\/product"}],"about":[{"href":"https:\/\/kuldkroon.ee\/ru\/wp-json\/wp\/v2\/types\/product"}],"replies":[{"embeddable":true,"href":"https:\/\/kuldkroon.ee\/ru\/wp-json\/wp\/v2\/comments?post=15986"}],"wp:featuredmedia":[{"embeddable":true,"href":"https:\/\/kuldkroon.ee\/ru\/wp-json\/wp\/v2\/media\/15987"}],"wp:attachment":[{"href":"https:\/\/kuldkroon.ee\/ru\/wp-json\/wp\/v2\/media?parent=15986"}],"wp:term":[{"taxonomy":"product_brand","embeddable":true,"href":"https:\/\/kuldkroon.ee\/ru\/wp-json\/wp\/v2\/product_brand?post=15986"},{"taxonomy":"product_cat","embeddable":true,"href":"https:\/\/kuldkroon.ee\/ru\/wp-json\/wp\/v2\/product_cat?post=15986"},{"taxonomy":"product_tag","embeddable":true,"href":"https:\/\/kuldkroon.ee\/ru\/wp-json\/wp\/v2\/product_tag?post=15986"}],"curies":[{"name":"wp","href":"https:\/\/api.w.org\/{rel}","templated":true}]}}