{"id":14485,"date":"2018-05-29T15:34:59","date_gmt":"2018-05-29T15:34:59","guid":{"rendered":"https:\/\/kuldkroon.ee\/?post_type=product&#038;p=14485"},"modified":"2025-12-21T12:13:59","modified_gmt":"2025-12-21T12:13:59","slug":"tia","status":"publish","type":"product","link":"https:\/\/kuldkroon.ee\/ru\/toode\/tia\/","title":{"rendered":"Tia"},"content":{"rendered":"<p><strong>TIA<\/strong>\u00a0ehete inspiratsiooni allikaks on olnud muidugi kroonilaadne peaehe \u2013 tiaara. See kuningannalik disain v\u00f5iks kindlasti kaunistada igat m\u00f5rsjat, aga miks ka mitte igat kallimat. Tiara ehted on valmistatud kollasest v\u00f5i valgest kullast prooviga 585\/-<\/p>\n<p>Briljantlihvis looduslikud teemantid on hoolikalt valitud ja k\u00e4sit\u00f6\u00f6na ehtesse istutatud.<\/p>\n","protected":false},"excerpt":{"rendered":"<p>Kuld prooviga 585\/- (14KT)<\/p>\n<p>7 briljantlihvis teemandit kokku 0,27 karaati H\/VS<\/p>\n<p>Laius 2,1mm<\/p>\n<p>Kinkekarp<\/p>\n<p>&nbsp;<\/p>\n<p>&nbsp;<\/p>\n","protected":false},"featured_media":25697,"comment_status":"open","ping_status":"closed","template":"","meta":{"_acf_changed":false},"product_brand":[],"product_cat":[1230],"product_tag":[],"class_list":{"0":"post-14485","1":"product","2":"type-product","3":"status-publish","4":"has-post-thumbnail","6":"product_cat-mitme-teemantiga","8":"first","9":"instock","10":"sale","11":"taxable","12":"shipping-taxable","13":"purchasable","14":"product-type-simple"},"acf":[],"_links":{"self":[{"href":"https:\/\/kuldkroon.ee\/ru\/wp-json\/wp\/v2\/product\/14485","targetHints":{"allow":["GET"]}}],"collection":[{"href":"https:\/\/kuldkroon.ee\/ru\/wp-json\/wp\/v2\/product"}],"about":[{"href":"https:\/\/kuldkroon.ee\/ru\/wp-json\/wp\/v2\/types\/product"}],"replies":[{"embeddable":true,"href":"https:\/\/kuldkroon.ee\/ru\/wp-json\/wp\/v2\/comments?post=14485"}],"wp:featuredmedia":[{"embeddable":true,"href":"https:\/\/kuldkroon.ee\/ru\/wp-json\/wp\/v2\/media\/25697"}],"wp:attachment":[{"href":"https:\/\/kuldkroon.ee\/ru\/wp-json\/wp\/v2\/media?parent=14485"}],"wp:term":[{"taxonomy":"product_brand","embeddable":true,"href":"https:\/\/kuldkroon.ee\/ru\/wp-json\/wp\/v2\/product_brand?post=14485"},{"taxonomy":"product_cat","embeddable":true,"href":"https:\/\/kuldkroon.ee\/ru\/wp-json\/wp\/v2\/product_cat?post=14485"},{"taxonomy":"product_tag","embeddable":true,"href":"https:\/\/kuldkroon.ee\/ru\/wp-json\/wp\/v2\/product_tag?post=14485"}],"curies":[{"name":"wp","href":"https:\/\/api.w.org\/{rel}","templated":true}]}}