{"id":14366,"date":"2018-05-15T10:03:52","date_gmt":"2018-05-15T10:03:52","guid":{"rendered":"https:\/\/kuldkroon.ee\/?post_type=product&#038;p=14366"},"modified":"2025-12-21T12:36:33","modified_gmt":"2025-12-21T12:36:33","slug":"marry-me-28","status":"publish","type":"product","link":"https:\/\/kuldkroon.ee\/ru\/toode\/marry-me-28\/","title":{"rendered":"Marry Me"},"content":{"rendered":"<p><strong>RAPHAEL<\/strong>\u00a0s\u00f5rmused valmistatakse Inglismaal. K\u00f5iki s\u00f5rmuseid saab tellida valgest, kollasest v\u00f5i roosast kullast prooviga 375\/- v\u00f5i 750\/-, palladiumist prooviga 950\/- ning plaatinast prooviga 950\/- Kasutatakse ainult looduslikke kvaliteetseid teemanteid ja teisi v\u00e4\u00e4riskive (safiir, smaragd,rubiin). S\u00f5rmuste keskmistele kividele kaasneb rahvusvaheline IGI sertifikaat. Valida saab v\u00e4ga erineva puhtuse ja v\u00e4rvi astmega teemanteid.<br \/>\nS\u00f5rmuste tarneaeg on 4 n\u00e4dalat.<\/p>\n<p>NB! K\u00f5iki s\u00f5rmuse t\u00fc\u00fcpe on Inglismaal IGI sertifikaadiga teemantitega tavaliselt ka laos m\u00f5ni olemas.\u00a0<strong>K\u00fcsi pakkumist ja laos olemasolu korral saame tarnida kuni 5 p\u00e4evaga!<\/strong><\/p>\n<p>&nbsp;<\/p>\n","protected":false},"excerpt":{"rendered":"<p>\u041a\u043e\u043b\u044c\u0446\u043e \u0441 \u0431\u0440\u0438\u043b\u043b\u0438\u0430\u043d\u0442\u043e\u043c \u0438\u0437 \u043a\u043e\u043b\u043b\u0435\u043a\u0446\u0438\u0438 Raphael<\/p>\n<p>\u0411\u0440\u0438\u043b\u043b\u0438\u0430\u043d\u0442 \u0441\u0440\u0435\u0434\u043d\u0435\u0439 \u043a\u043b\u0430\u0441\u0441\u0438\u0447\u0435\u0441\u043a\u043e\u0439 \u043e\u0433\u0440\u0430\u043d\u043a\u0438 0,30 \u043a\u0430\u0440\u0430\u0442\u0430 F\/VS2 (\u0441\u0435\u0440\u0442\u0438\u0444\u0438\u043a\u0430\u0442 IGI)<br \/>\n(\u041c\u043e\u0436\u043d\u043e \u0437\u0430\u043a\u0430\u0437\u0430\u0442\u044c \u0441\u043e \u0441\u0440\u0435\u0434\u043d\u0438\u043c \u0431\u0440\u0438\u043b\u043b\u0438\u0430\u043d\u0442\u043e\u043c 0,50, 0,75 \u0438\u043b\u0438 1,00 \u043a\u0430\u0440\u0430\u0442\u0430)<br \/>\n\u041f\u043b\u0430\u0442\u0438\u043d\u0430 950\/-<br \/>\n\u0412\u0441\u0435\u0433\u043e \u0431\u0440\u0438\u043b\u043b\u0438\u0430\u043d\u0442\u043e\u0432 0,75 \u043a\u0430\u0440\u0430\u0442\u0430.<\/p>\n<p>\u0414\u043e\u0441\u0442\u0443\u043f\u043d\u044b\u0435 \u0447\u0438\u0441\u0442\u043e\u0442\u0430 \u0430\u043b\u043c\u0430\u0437\u043e\u0432, \u0446\u0432\u0435\u0442\u0430: D\/E VS, F\/G VS \u0438 G\/H Si<br \/>\n\u0414\u043e\u0441\u0442\u0443\u043f\u043d\u044b\u0435 \u043c\u0430\u0442\u0435\u0440\u0438\u0430\u043b\u044b: \u0436\u0435\u043b\u0442\u043e\u0435 \u0438 \u0431\u0435\u043b\u043e\u0435 \u0437\u043e\u043b\u043e\u0442\u043e, \u043f\u0430\u043b\u043b\u0430\u0434\u0438\u0439, \u043f\u043b\u0430\u0442\u0438\u043d\u0430<\/p>\n<p>\u041f\u043e\u0434\u0430\u0440\u043e\u0447\u043d\u0430\u044f \u043a\u043e\u0440\u043e\u0431\u043a\u0430<\/p>\n","protected":false},"featured_media":14367,"comment_status":"open","ping_status":"closed","template":"","meta":{"_acf_changed":false},"product_brand":[],"product_cat":[1230],"product_tag":[],"class_list":{"0":"post-14366","1":"product","2":"type-product","3":"status-publish","4":"has-post-thumbnail","6":"product_cat-mitme-teemantiga","8":"first","9":"instock","10":"taxable","11":"shipping-taxable","12":"product-type-simple"},"acf":[],"_links":{"self":[{"href":"https:\/\/kuldkroon.ee\/ru\/wp-json\/wp\/v2\/product\/14366","targetHints":{"allow":["GET"]}}],"collection":[{"href":"https:\/\/kuldkroon.ee\/ru\/wp-json\/wp\/v2\/product"}],"about":[{"href":"https:\/\/kuldkroon.ee\/ru\/wp-json\/wp\/v2\/types\/product"}],"replies":[{"embeddable":true,"href":"https:\/\/kuldkroon.ee\/ru\/wp-json\/wp\/v2\/comments?post=14366"}],"wp:featuredmedia":[{"embeddable":true,"href":"https:\/\/kuldkroon.ee\/ru\/wp-json\/wp\/v2\/media\/14367"}],"wp:attachment":[{"href":"https:\/\/kuldkroon.ee\/ru\/wp-json\/wp\/v2\/media?parent=14366"}],"wp:term":[{"taxonomy":"product_brand","embeddable":true,"href":"https:\/\/kuldkroon.ee\/ru\/wp-json\/wp\/v2\/product_brand?post=14366"},{"taxonomy":"product_cat","embeddable":true,"href":"https:\/\/kuldkroon.ee\/ru\/wp-json\/wp\/v2\/product_cat?post=14366"},{"taxonomy":"product_tag","embeddable":true,"href":"https:\/\/kuldkroon.ee\/ru\/wp-json\/wp\/v2\/product_tag?post=14366"}],"curies":[{"name":"wp","href":"https:\/\/api.w.org\/{rel}","templated":true}]}}