{"id":14249,"date":"2018-04-24T13:23:10","date_gmt":"2018-04-24T13:23:10","guid":{"rendered":"https:\/\/kuldkroon.ee\/?post_type=product&#038;p=14249"},"modified":"2019-12-06T11:49:41","modified_gmt":"2019-12-06T11:49:41","slug":"love-and-attention-11","status":"publish","type":"product","link":"https:\/\/kuldkroon.ee\/ru\/toode\/love-and-attention-11\/","title":{"rendered":"Love and Attention"},"content":{"rendered":"<p><strong>RAPHAEL<\/strong>\u00a0kuldehted valmistatakse Inglismaal. K\u00f5iki k\u00f5rvar\u00f5ngaid saab tellida valgest, kollasest v\u00f5i roosast kullast prooviga 375\/-, 585\/- v\u00f5i 750\/-, palladiumist prooviga 950\/- ning plaatinast prooviga 950\/- Kasutatakse ainult looduslikke kvaliteetseid teemanteid ja teisi v\u00e4\u00e4riskive (safiir, smaragd, rubiin).\u00a0 Ehetele kaasneb rahvusvaheline v\u00e4\u00e4riskivi sertifikaat. Valida saab v\u00e4ga erineva puhtuse ja v\u00e4rvi astmega teemanteid.<br \/>\nSiin toodud kirjeldusest erineva kullaproovi v\u00f5i teemantitega ehete tarneaeg on 4 n\u00e4dalat.<\/p>\n<p>NB! .\u00a0<strong>K\u00fcsi pakkumist ja laos olemasolu korral saame tarnida ca 3 p\u00e4evaga!<\/strong><\/p>\n","protected":false},"excerpt":{"rendered":"<div class=\"woocommerce-product-details__short-description\">\n<ul>\n<li>valge kuld prooviga 750\/-<\/li>\n<li>briljantlihvis teemantid kokku 0,50 ct G\/Si<\/li>\n<li>keskmine briljant 3,0 mm<\/li>\n<li>k\u00f5rvar\u00f5nga l\u00e4bim\u00f5\u00f5t 6,3 mm<\/li>\n<\/ul>\n<\/div>\n","protected":false},"featured_media":14251,"comment_status":"open","ping_status":"closed","template":"","meta":{"_acf_changed":false},"product_brand":[],"product_cat":[1198],"product_tag":[],"class_list":{"0":"post-14249","1":"product","2":"type-product","3":"status-publish","4":"has-post-thumbnail","6":"product_cat-raphael-kuldkorvarongad","8":"first","9":"instock","10":"sale","11":"taxable","12":"shipping-taxable","13":"purchasable","14":"product-type-simple"},"acf":[],"_links":{"self":[{"href":"https:\/\/kuldkroon.ee\/ru\/wp-json\/wp\/v2\/product\/14249","targetHints":{"allow":["GET"]}}],"collection":[{"href":"https:\/\/kuldkroon.ee\/ru\/wp-json\/wp\/v2\/product"}],"about":[{"href":"https:\/\/kuldkroon.ee\/ru\/wp-json\/wp\/v2\/types\/product"}],"replies":[{"embeddable":true,"href":"https:\/\/kuldkroon.ee\/ru\/wp-json\/wp\/v2\/comments?post=14249"}],"wp:featuredmedia":[{"embeddable":true,"href":"https:\/\/kuldkroon.ee\/ru\/wp-json\/wp\/v2\/media\/14251"}],"wp:attachment":[{"href":"https:\/\/kuldkroon.ee\/ru\/wp-json\/wp\/v2\/media?parent=14249"}],"wp:term":[{"taxonomy":"product_brand","embeddable":true,"href":"https:\/\/kuldkroon.ee\/ru\/wp-json\/wp\/v2\/product_brand?post=14249"},{"taxonomy":"product_cat","embeddable":true,"href":"https:\/\/kuldkroon.ee\/ru\/wp-json\/wp\/v2\/product_cat?post=14249"},{"taxonomy":"product_tag","embeddable":true,"href":"https:\/\/kuldkroon.ee\/ru\/wp-json\/wp\/v2\/product_tag?post=14249"}],"curies":[{"name":"wp","href":"https:\/\/api.w.org\/{rel}","templated":true}]}}