{"id":13926,"date":"2018-03-02T15:13:47","date_gmt":"2018-03-02T15:13:47","guid":{"rendered":"https:\/\/kuldkroon.ee\/?post_type=product&#038;p=13926"},"modified":"2018-03-06T13:12:09","modified_gmt":"2018-03-06T13:12:09","slug":"trois-ors-3","status":"publish","type":"product","link":"https:\/\/kuldkroon.ee\/ru\/toode\/trois-ors-3\/","title":{"rendered":"Trois Ors"},"content":{"rendered":"<div class=\"woocommerce-product-details__short-description\">\n<p>Pariis \u2013 igavesti armunute linn<br \/>\nSee s\u00f5rmuste kollektsioon Prantsusmaalt on saanud inspiratsiooni just sellest tulede linnast: briljantne, kaunis, m\u00e4ssumeelne, romantiline ja igavene.<br \/>\nSee hingemattev vitaalsus, see t\u00e4navatel voolav elamise iha. Pariisi katused ja kohvikud. Pigalle-\u015bt kuni Saint Germain des Pr\u00e8s-ni. Montmarte-lt Ladina Kvartalini. P\u00e4eval ja \u00f6\u00f6l on sinu s\u00fcdamel\u00f6\u00f6gid \u00fchinenud armastuse h\u00fcmni r\u00fctmides.<\/p>\n<p>Need s\u00f5rmused on loodud kirgliku armastusega, selge ja puhta kaasaegse joonega. t\u00e4iuslik kvaliteet on saavutatud k\u00f5ige kaasaegsema tehnoloogia abil.<br \/>\nK\u00f5ik Fair Belle s\u00f5rmused on niklivabad!<\/p>\n<div class=\"woocommerce-product-details__short-description\"><\/div>\n<\/div>\n","protected":false},"excerpt":{"rendered":"<div class=\"woocommerce-product-details__short-description\">\n<div class=\"woocommerce-product-details__short-description\">\n<div class=\"woocommerce-product-details__short-description\">\n<p>Fair Belle abielus\u00f5rmused Prantsusmaalt<\/p>\n<p>Valge, roosa ja kollane kuld prooviga 750\/- v\u00f5i 375\/-<\/p>\n<p>S\u00f5rmuste laius 3,5 ja 4,5 mm<\/p>\n<p>Kinkekarp<\/p>\n<p>Tasuta graveering<\/p>\n<p>Tarneaeg 14-20 p\u00e4eva<\/p>\n<\/div>\n<\/div>\n<\/div>\n","protected":false},"featured_media":0,"comment_status":"open","ping_status":"closed","template":"","meta":{"_acf_changed":false},"product_brand":[],"product_cat":[1159,1190],"product_tag":[],"class_list":{"0":"post-13926","1":"product","2":"type-product","3":"status-publish","5":"product_cat-fair-belle","6":"product_cat-deux-ors-2-varvi","8":"first","9":"instock","10":"taxable","11":"shipping-taxable","12":"product-type-simple"},"acf":[],"_links":{"self":[{"href":"https:\/\/kuldkroon.ee\/ru\/wp-json\/wp\/v2\/product\/13926","targetHints":{"allow":["GET"]}}],"collection":[{"href":"https:\/\/kuldkroon.ee\/ru\/wp-json\/wp\/v2\/product"}],"about":[{"href":"https:\/\/kuldkroon.ee\/ru\/wp-json\/wp\/v2\/types\/product"}],"replies":[{"embeddable":true,"href":"https:\/\/kuldkroon.ee\/ru\/wp-json\/wp\/v2\/comments?post=13926"}],"wp:attachment":[{"href":"https:\/\/kuldkroon.ee\/ru\/wp-json\/wp\/v2\/media?parent=13926"}],"wp:term":[{"taxonomy":"product_brand","embeddable":true,"href":"https:\/\/kuldkroon.ee\/ru\/wp-json\/wp\/v2\/product_brand?post=13926"},{"taxonomy":"product_cat","embeddable":true,"href":"https:\/\/kuldkroon.ee\/ru\/wp-json\/wp\/v2\/product_cat?post=13926"},{"taxonomy":"product_tag","embeddable":true,"href":"https:\/\/kuldkroon.ee\/ru\/wp-json\/wp\/v2\/product_tag?post=13926"}],"curies":[{"name":"wp","href":"https:\/\/api.w.org\/{rel}","templated":true}]}}