{"id":13780,"date":"2018-02-26T16:51:12","date_gmt":"2018-02-26T16:51:12","guid":{"rendered":"https:\/\/kuldkroon.ee\/?post_type=product&#038;p=13780"},"modified":"2024-03-01T13:40:50","modified_gmt":"2024-03-01T13:40:50","slug":"sophisticolour-31","status":"publish","type":"product","link":"https:\/\/kuldkroon.ee\/ru\/toode\/sophisticolour-31\/","title":{"rendered":"Sophisticolour"},"content":{"rendered":"<p><strong>RAPHAEL<\/strong> s\u00f5rmused valmistatakse Inglismaal. K\u00f5iki s\u00f5rmuseid saab tellida valgest, kollasest v\u00f5i roosast kullast prooviga 375\/- v\u00f5i 750\/-, palladiumist prooviga 950\/- ning plaatinast prooviga 950\/- Kasutatakse ainult looduslikke kvaliteetseid teemanteid ja teisi v\u00e4\u00e4riskive (safiir, smaragd,rubiin) ning poolv\u00e4\u00e4riskive (tansaniit, akvamariin, opaal ja oliviin). S\u00f5rmuste\u00a0 kividele kaasneb rahvusvaheline sertifikaat. Valida saab v\u00e4ga erineva puhtuse ja v\u00e4rvi astmega teemanteid.<br \/>\nS\u00f5rmuste tarneaeg on kuni 3-4 n\u00e4dalat.<\/p>\n","protected":false},"excerpt":{"rendered":"<div class=\"woocommerce-product-details__short-description\">\n<div class=\"woocommerce-product-details__short-description\">\n<div class=\"woocommerce-product-details__short-description\">\n<div class=\"woocommerce-product-details__short-description\">\n<div class=\"woocommerce-product-details__short-description\">\n<p>The Raphael Collection teemants\u00f5rmus<\/p>\n<p>Saffir 0,25 karaati, briljantlihv<\/p>\n<p>Teemantid kokku 0,30 karaati<\/p>\n<p>Saadavad teemanti puhtused, v\u00e4rvid:\u00a0D\/E VS, F\/G VS and G\/H Si<\/p>\n<p>Saadavad materjalid: kollane- ja valge kuld, pallaadium, plaatina<\/p>\n<p>Kinkekarp<\/p>\n<p>HGDL teemantitunnistus<\/p>\n<p><strong>Hind alates: 1 840 \u20ac<\/strong><\/p>\n<\/div>\n<\/div>\n<\/div>\n<\/div>\n<\/div>\n","protected":false},"featured_media":13781,"comment_status":"open","ping_status":"closed","template":"","meta":{"_acf_changed":false},"product_brand":[],"product_cat":[1231],"product_tag":[],"class_list":{"0":"post-13780","1":"product","2":"type-product","3":"status-publish","4":"has-post-thumbnail","6":"product_cat-varvilised-vaariskivid","8":"first","9":"instock","10":"taxable","11":"shipping-taxable","12":"product-type-simple"},"acf":[],"_links":{"self":[{"href":"https:\/\/kuldkroon.ee\/ru\/wp-json\/wp\/v2\/product\/13780","targetHints":{"allow":["GET"]}}],"collection":[{"href":"https:\/\/kuldkroon.ee\/ru\/wp-json\/wp\/v2\/product"}],"about":[{"href":"https:\/\/kuldkroon.ee\/ru\/wp-json\/wp\/v2\/types\/product"}],"replies":[{"embeddable":true,"href":"https:\/\/kuldkroon.ee\/ru\/wp-json\/wp\/v2\/comments?post=13780"}],"wp:featuredmedia":[{"embeddable":true,"href":"https:\/\/kuldkroon.ee\/ru\/wp-json\/wp\/v2\/media\/13781"}],"wp:attachment":[{"href":"https:\/\/kuldkroon.ee\/ru\/wp-json\/wp\/v2\/media?parent=13780"}],"wp:term":[{"taxonomy":"product_brand","embeddable":true,"href":"https:\/\/kuldkroon.ee\/ru\/wp-json\/wp\/v2\/product_brand?post=13780"},{"taxonomy":"product_cat","embeddable":true,"href":"https:\/\/kuldkroon.ee\/ru\/wp-json\/wp\/v2\/product_cat?post=13780"},{"taxonomy":"product_tag","embeddable":true,"href":"https:\/\/kuldkroon.ee\/ru\/wp-json\/wp\/v2\/product_tag?post=13780"}],"curies":[{"name":"wp","href":"https:\/\/api.w.org\/{rel}","templated":true}]}}