{"id":13623,"date":"2018-02-13T15:15:36","date_gmt":"2018-02-13T15:15:36","guid":{"rendered":"https:\/\/kuldkroon.ee\/?post_type=product&#038;p=13623"},"modified":"2022-05-31T13:45:29","modified_gmt":"2022-05-31T13:45:29","slug":"for-eternity-9","status":"publish","type":"product","link":"https:\/\/kuldkroon.ee\/ru\/toode\/for-eternity-9\/","title":{"rendered":"For Eternity"},"content":{"rendered":"<p><\/p>\n<div class=\"woocommerce-product-details__short-description\">\n<p><strong>RAPHAEL<\/strong> s\u00f5rmused valmistatakse Inglismaal. K\u00f5iki s\u00f5rmuseid saab tellida valgest, kollasest v\u00f5i roosast kullast prooviga 375\/- v\u00f5i 750\/-, palladiumist prooviga 950\/- ning plaatinast prooviga 950\/- Kasutatakse ainult looduslikke kvaliteetseid teemanteid ja teisi v\u00e4\u00e4riskive (safiir, smaragd,rubiin). S\u00f5rmuste keskmistele kividele kaasneb rahvusvaheline IGI sertifikaat. Valida saab v\u00e4ga erineva puhtuse ja v\u00e4rvi astmega teemanteid.<br \/>\nS\u00f5rmuste tarneaeg on 4 n\u00e4dalat.<\/p>\n<p>NB! K\u00f5iki s\u00f5rmuse t\u00fc\u00fcpe on Inglismaal IGI sertifikaadiga teemantitega tavaliselt ka laos m\u00f5ni olemas. <strong>K\u00fcsi pakkumist ja laos olemasolu korral saame tarnida kuni 3 p\u00e4evaga!<\/strong><\/p>\n<div class=\"woocommerce-product-details__short-description\"><\/div>\n<\/div>\n<p><\/p>","protected":false},"excerpt":{"rendered":"<div class=\"woocommerce-product-details__short-description\">\n<div class=\"woocommerce-product-details__short-description\">\n<p>The Raphael Collection, Full Eternity teemants\u00f5rmus<\/p>\n<p>Briljant- ja Princess-lihvis teemantid kokku 1,25 karaati (s\u00f5rmuse suurusele ca 16,5)<\/p>\n<p>Saadavad teemanti puhtused, v\u00e4rvid:\u00a0D\/E VS, F\/G VS and G\/H Si<\/p>\n<p>Saadavad materjalid: kollane- ja valge kuld, pallaadium, plaatina<br \/>\nLaius 3,1 mm<\/p>\n<p>Kinkekarp<\/p>\n<p>HGDL teemantitunnistus<\/p>\n<p><strong>Hind alates: 3 945 \u20ac<\/strong><\/p>\n<\/div>\n<\/div>\n","protected":false},"featured_media":13624,"comment_status":"open","ping_status":"closed","template":"","meta":{"_acf_changed":false},"product_brand":[],"product_cat":[1272],"product_tag":[],"class_list":{"0":"post-13623","1":"product","2":"type-product","3":"status-publish","4":"has-post-thumbnail","6":"product_cat-eternity-teemantite-rivisormused","8":"first","9":"instock","10":"taxable","11":"shipping-taxable","12":"product-type-simple"},"acf":[],"_links":{"self":[{"href":"https:\/\/kuldkroon.ee\/ru\/wp-json\/wp\/v2\/product\/13623","targetHints":{"allow":["GET"]}}],"collection":[{"href":"https:\/\/kuldkroon.ee\/ru\/wp-json\/wp\/v2\/product"}],"about":[{"href":"https:\/\/kuldkroon.ee\/ru\/wp-json\/wp\/v2\/types\/product"}],"replies":[{"embeddable":true,"href":"https:\/\/kuldkroon.ee\/ru\/wp-json\/wp\/v2\/comments?post=13623"}],"wp:featuredmedia":[{"embeddable":true,"href":"https:\/\/kuldkroon.ee\/ru\/wp-json\/wp\/v2\/media\/13624"}],"wp:attachment":[{"href":"https:\/\/kuldkroon.ee\/ru\/wp-json\/wp\/v2\/media?parent=13623"}],"wp:term":[{"taxonomy":"product_brand","embeddable":true,"href":"https:\/\/kuldkroon.ee\/ru\/wp-json\/wp\/v2\/product_brand?post=13623"},{"taxonomy":"product_cat","embeddable":true,"href":"https:\/\/kuldkroon.ee\/ru\/wp-json\/wp\/v2\/product_cat?post=13623"},{"taxonomy":"product_tag","embeddable":true,"href":"https:\/\/kuldkroon.ee\/ru\/wp-json\/wp\/v2\/product_tag?post=13623"}],"curies":[{"name":"wp","href":"https:\/\/api.w.org\/{rel}","templated":true}]}}