{"id":13437,"date":"2018-02-05T15:59:20","date_gmt":"2018-02-05T15:59:20","guid":{"rendered":"https:\/\/kuldkroon.ee\/?post_type=product&#038;p=13437"},"modified":"2018-02-05T15:59:21","modified_gmt":"2018-02-05T15:59:21","slug":"vendetta-divina","status":"publish","type":"product","link":"https:\/\/kuldkroon.ee\/ru\/toode\/vendetta-divina\/","title":{"rendered":"Vendetta &#8211; Divina"},"content":{"rendered":"<p>Miks on k\u00e4e v\u00e4ike s\u00f5rm j\u00e4etud ehtimise kaunist kunstist enamasti k\u00f5rvale!<br \/>\nVendetta \u2013 t\u00f5eline v\u00e4ikese s\u00f5rme k\u00e4ttemaks\u2026.<\/p>\n","protected":false},"excerpt":{"rendered":"<p>Platinum Design Award &#8216;Basel World 2012&#8217; v\u00f5idut\u00f6\u00f6!<br \/>\nRoosakas s\u00f5rmus plaatinast prooviga 950\/-. Sisemine ring punasest korondist.<br \/>\nS\u00f5rmus kaetud \u00fcleni pav\u00e9-istutuses teemantitega, kokku alates 3,0 karaati.<br \/>\nK\u00fcsi pakkuminst!<\/p>\n","protected":false},"featured_media":13438,"comment_status":"open","ping_status":"closed","template":"","meta":{"_acf_changed":false},"product_brand":[],"product_cat":[1186],"product_tag":[],"class_list":{"0":"post-13437","1":"product","2":"type-product","3":"status-publish","4":"has-post-thumbnail","6":"product_cat-vendetta","8":"first","9":"instock","10":"taxable","11":"shipping-taxable","12":"product-type-simple"},"acf":[],"_links":{"self":[{"href":"https:\/\/kuldkroon.ee\/ru\/wp-json\/wp\/v2\/product\/13437","targetHints":{"allow":["GET"]}}],"collection":[{"href":"https:\/\/kuldkroon.ee\/ru\/wp-json\/wp\/v2\/product"}],"about":[{"href":"https:\/\/kuldkroon.ee\/ru\/wp-json\/wp\/v2\/types\/product"}],"replies":[{"embeddable":true,"href":"https:\/\/kuldkroon.ee\/ru\/wp-json\/wp\/v2\/comments?post=13437"}],"wp:featuredmedia":[{"embeddable":true,"href":"https:\/\/kuldkroon.ee\/ru\/wp-json\/wp\/v2\/media\/13438"}],"wp:attachment":[{"href":"https:\/\/kuldkroon.ee\/ru\/wp-json\/wp\/v2\/media?parent=13437"}],"wp:term":[{"taxonomy":"product_brand","embeddable":true,"href":"https:\/\/kuldkroon.ee\/ru\/wp-json\/wp\/v2\/product_brand?post=13437"},{"taxonomy":"product_cat","embeddable":true,"href":"https:\/\/kuldkroon.ee\/ru\/wp-json\/wp\/v2\/product_cat?post=13437"},{"taxonomy":"product_tag","embeddable":true,"href":"https:\/\/kuldkroon.ee\/ru\/wp-json\/wp\/v2\/product_tag?post=13437"}],"curies":[{"name":"wp","href":"https:\/\/api.w.org\/{rel}","templated":true}]}}