{"id":13394,"date":"2018-01-29T08:39:32","date_gmt":"2018-01-29T08:39:32","guid":{"rendered":"https:\/\/kuldkroon.ee\/?post_type=product&#038;p=13394"},"modified":"2019-09-30T00:00:10","modified_gmt":"2019-09-30T00:00:10","slug":"luxenter-ehtekomplekt-hobe","status":"publish","type":"product","link":"https:\/\/kuldkroon.ee\/ru\/toode\/luxenter-ehtekomplekt-hobe\/","title":{"rendered":"Luxenter k\u00f5rvar\u00f5ngad, h\u00f5be"},"content":{"rendered":"","protected":false},"excerpt":{"rendered":"<p>Luxenter\u00a0 k\u00f5rvar\u00f5ngad<\/p>\n<p>H\u00f5be 925\/-<\/p>\n<p>Tsirkoonid<\/p>\n<p>K\u00f5rvar\u00f5ngaste l\u00e4bim\u00f5\u00f5t 12mm<\/p>\n<p>Kinkekarp<\/p>\n","protected":false},"featured_media":13396,"comment_status":"open","ping_status":"closed","template":"","meta":{"_acf_changed":false},"product_brand":[],"product_cat":[1113,1131,1120],"product_tag":[],"class_list":{"0":"post-13394","1":"product","2":"type-product","3":"status-publish","4":"has-post-thumbnail","6":"product_cat-luxenter-hobeehted","7":"product_cat-hobedast-korvarongad-juveeli-ja-ehted","8":"product_cat-luxenter","10":"first","11":"instock","12":"taxable","13":"shipping-taxable","14":"purchasable","15":"product-type-simple"},"acf":[],"_links":{"self":[{"href":"https:\/\/kuldkroon.ee\/ru\/wp-json\/wp\/v2\/product\/13394","targetHints":{"allow":["GET"]}}],"collection":[{"href":"https:\/\/kuldkroon.ee\/ru\/wp-json\/wp\/v2\/product"}],"about":[{"href":"https:\/\/kuldkroon.ee\/ru\/wp-json\/wp\/v2\/types\/product"}],"replies":[{"embeddable":true,"href":"https:\/\/kuldkroon.ee\/ru\/wp-json\/wp\/v2\/comments?post=13394"}],"wp:featuredmedia":[{"embeddable":true,"href":"https:\/\/kuldkroon.ee\/ru\/wp-json\/wp\/v2\/media\/13396"}],"wp:attachment":[{"href":"https:\/\/kuldkroon.ee\/ru\/wp-json\/wp\/v2\/media?parent=13394"}],"wp:term":[{"taxonomy":"product_brand","embeddable":true,"href":"https:\/\/kuldkroon.ee\/ru\/wp-json\/wp\/v2\/product_brand?post=13394"},{"taxonomy":"product_cat","embeddable":true,"href":"https:\/\/kuldkroon.ee\/ru\/wp-json\/wp\/v2\/product_cat?post=13394"},{"taxonomy":"product_tag","embeddable":true,"href":"https:\/\/kuldkroon.ee\/ru\/wp-json\/wp\/v2\/product_tag?post=13394"}],"curies":[{"name":"wp","href":"https:\/\/api.w.org\/{rel}","templated":true}]}}