{"id":13392,"date":"2018-01-26T17:15:40","date_gmt":"2018-01-26T17:15:40","guid":{"rendered":"https:\/\/kuldkroon.ee\/?post_type=product&#038;p=13392"},"modified":"2018-01-26T17:15:40","modified_gmt":"2018-01-26T17:15:40","slug":"calla-2","status":"publish","type":"product","link":"https:\/\/kuldkroon.ee\/ru\/toode\/calla-2\/","title":{"rendered":"Calla"},"content":{"rendered":"","protected":false},"excerpt":{"rendered":"<p>Nagu lummavalt kaunis lill &#8211; Kalla, on see sari inspireeritud loodusest. Calla s\u00f5rmused kannavad just seda motiivi &#8211; nagu lehed kaitsevad \u00f5isi, on siin turvaliselt kaitstud teemant, pilkup\u00fc\u00fcdvalt esil. Vali vasakust men\u00fc\u00fcreast sobiv mudel!<\/p>\n","protected":false},"featured_media":13393,"comment_status":"open","ping_status":"closed","template":"","meta":{"_acf_changed":false},"product_brand":[],"product_cat":[1173],"product_tag":[],"class_list":{"0":"post-13392","1":"product","2":"type-product","3":"status-publish","4":"has-post-thumbnail","6":"product_cat-shaffrath","8":"first","9":"instock","10":"taxable","11":"shipping-taxable","12":"product-type-simple"},"acf":[],"_links":{"self":[{"href":"https:\/\/kuldkroon.ee\/ru\/wp-json\/wp\/v2\/product\/13392","targetHints":{"allow":["GET"]}}],"collection":[{"href":"https:\/\/kuldkroon.ee\/ru\/wp-json\/wp\/v2\/product"}],"about":[{"href":"https:\/\/kuldkroon.ee\/ru\/wp-json\/wp\/v2\/types\/product"}],"replies":[{"embeddable":true,"href":"https:\/\/kuldkroon.ee\/ru\/wp-json\/wp\/v2\/comments?post=13392"}],"wp:featuredmedia":[{"embeddable":true,"href":"https:\/\/kuldkroon.ee\/ru\/wp-json\/wp\/v2\/media\/13393"}],"wp:attachment":[{"href":"https:\/\/kuldkroon.ee\/ru\/wp-json\/wp\/v2\/media?parent=13392"}],"wp:term":[{"taxonomy":"product_brand","embeddable":true,"href":"https:\/\/kuldkroon.ee\/ru\/wp-json\/wp\/v2\/product_brand?post=13392"},{"taxonomy":"product_cat","embeddable":true,"href":"https:\/\/kuldkroon.ee\/ru\/wp-json\/wp\/v2\/product_cat?post=13392"},{"taxonomy":"product_tag","embeddable":true,"href":"https:\/\/kuldkroon.ee\/ru\/wp-json\/wp\/v2\/product_tag?post=13392"}],"curies":[{"name":"wp","href":"https:\/\/api.w.org\/{rel}","templated":true}]}}