{"id":13384,"date":"2018-01-26T16:00:41","date_gmt":"2018-01-26T16:00:41","guid":{"rendered":"https:\/\/kuldkroon.ee\/?post_type=product&#038;p=13384"},"modified":"2018-01-29T11:29:17","modified_gmt":"2018-01-29T11:29:17","slug":"calla-ring-onefold","status":"publish","type":"product","link":"https:\/\/kuldkroon.ee\/ru\/toode\/calla-ring-onefold\/","title":{"rendered":"Calla Ring &#8211; Onefold"},"content":{"rendered":"<p>Saksa firma Gebrueder Schaffrath on kahtlemata maailmas unikaalne premuim klassi teemantehete valmistaja.<br \/>\nAastal 1923 asutatud ettev\u00f5tja pakub v\u00e4ga erilise disainiga tippkvaliteediga ehteid, mis loodud k\u00f5ige n\u00f5udlikumale kandjale.<\/p>\n","protected":false},"excerpt":{"rendered":"<p>Kollane, valge v\u00f5i roosa kuld prooviga750\/- (v\u00f5imalik ka plaatina 950\/-)<br \/>\nbrilajntlihvis keskmine teemant alates 0,15 ct G\/VS1<br \/>\nv\u00f5imalik ka 0,18\/0,23\/0,30\/0,40\/0,50\/0,70\/1,00 ct<br \/>\nk\u00f5rval teemantid kokku 0,07 ct G\/VS<br \/>\nHind alates 2 380,00 EUR<br \/>\nTarneaeg 4 n\u00e4dalat (k\u00fcsi l\u00fchemat aega!)<\/p>\n","protected":false},"featured_media":13385,"comment_status":"open","ping_status":"closed","template":"","meta":{"_acf_changed":false},"product_brand":[],"product_cat":[1185],"product_tag":[],"class_list":{"0":"post-13384","1":"product","2":"type-product","3":"status-publish","4":"has-post-thumbnail","6":"product_cat-calla","8":"first","9":"instock","10":"taxable","11":"shipping-taxable","12":"product-type-simple"},"acf":[],"_links":{"self":[{"href":"https:\/\/kuldkroon.ee\/ru\/wp-json\/wp\/v2\/product\/13384","targetHints":{"allow":["GET"]}}],"collection":[{"href":"https:\/\/kuldkroon.ee\/ru\/wp-json\/wp\/v2\/product"}],"about":[{"href":"https:\/\/kuldkroon.ee\/ru\/wp-json\/wp\/v2\/types\/product"}],"replies":[{"embeddable":true,"href":"https:\/\/kuldkroon.ee\/ru\/wp-json\/wp\/v2\/comments?post=13384"}],"wp:featuredmedia":[{"embeddable":true,"href":"https:\/\/kuldkroon.ee\/ru\/wp-json\/wp\/v2\/media\/13385"}],"wp:attachment":[{"href":"https:\/\/kuldkroon.ee\/ru\/wp-json\/wp\/v2\/media?parent=13384"}],"wp:term":[{"taxonomy":"product_brand","embeddable":true,"href":"https:\/\/kuldkroon.ee\/ru\/wp-json\/wp\/v2\/product_brand?post=13384"},{"taxonomy":"product_cat","embeddable":true,"href":"https:\/\/kuldkroon.ee\/ru\/wp-json\/wp\/v2\/product_cat?post=13384"},{"taxonomy":"product_tag","embeddable":true,"href":"https:\/\/kuldkroon.ee\/ru\/wp-json\/wp\/v2\/product_tag?post=13384"}],"curies":[{"name":"wp","href":"https:\/\/api.w.org\/{rel}","templated":true}]}}