{"id":12944,"date":"2017-10-13T08:31:24","date_gmt":"2017-10-13T08:31:24","guid":{"rendered":"https:\/\/kuldkroon.ee\/kuldkroon\/?post_type=product&#038;p=12944"},"modified":"2021-02-25T12:39:27","modified_gmt":"2021-02-25T12:39:27","slug":"beco-atlantic-2","status":"publish","type":"product","link":"https:\/\/kuldkroon.ee\/ru\/toode\/beco-atlantic-2\/","title":{"rendered":"Beco Atlantic"},"content":{"rendered":"<p>Beco Atlantic watchwinder on h\u00e4davajalik ese hoidmaks sinu Automatic mehhanismiga kella t\u00f6\u00f6korras ja pidevas liikumises.<\/p>\n<p>Watchwinder teeb 650-3600 p\u00f6\u00f6ret p\u00e4evas, imiteerides kandja k\u00e4eliigutusi, hoides kella pidevalt laetuna ja kandmisvalmis.<\/p>\n","protected":false},"excerpt":{"rendered":"<p>Beco kellakeeraja<\/p>\n<p>Mahutab 1 k\u00e4ekella<\/p>\n<p>Materjal: Puit<\/p>\n<p>Mineraalklaas<\/p>\n<p>192x115mm<\/p>\n<p>2-aastane garantii<\/p>\n<p>Kaasas EU-adapterr<\/p>\n","protected":false},"featured_media":12945,"comment_status":"open","ping_status":"closed","template":"","meta":{"_acf_changed":false},"product_brand":[],"product_cat":[1178],"product_tag":[],"class_list":{"0":"post-12944","1":"product","2":"type-product","3":"status-publish","4":"has-post-thumbnail","6":"product_cat-kellakeerajad-winder","8":"first","9":"outofstock","10":"taxable","11":"shipping-taxable","12":"purchasable","13":"product-type-simple"},"acf":[],"_links":{"self":[{"href":"https:\/\/kuldkroon.ee\/ru\/wp-json\/wp\/v2\/product\/12944","targetHints":{"allow":["GET"]}}],"collection":[{"href":"https:\/\/kuldkroon.ee\/ru\/wp-json\/wp\/v2\/product"}],"about":[{"href":"https:\/\/kuldkroon.ee\/ru\/wp-json\/wp\/v2\/types\/product"}],"replies":[{"embeddable":true,"href":"https:\/\/kuldkroon.ee\/ru\/wp-json\/wp\/v2\/comments?post=12944"}],"wp:featuredmedia":[{"embeddable":true,"href":"https:\/\/kuldkroon.ee\/ru\/wp-json\/wp\/v2\/media\/12945"}],"wp:attachment":[{"href":"https:\/\/kuldkroon.ee\/ru\/wp-json\/wp\/v2\/media?parent=12944"}],"wp:term":[{"taxonomy":"product_brand","embeddable":true,"href":"https:\/\/kuldkroon.ee\/ru\/wp-json\/wp\/v2\/product_brand?post=12944"},{"taxonomy":"product_cat","embeddable":true,"href":"https:\/\/kuldkroon.ee\/ru\/wp-json\/wp\/v2\/product_cat?post=12944"},{"taxonomy":"product_tag","embeddable":true,"href":"https:\/\/kuldkroon.ee\/ru\/wp-json\/wp\/v2\/product_tag?post=12944"}],"curies":[{"name":"wp","href":"https:\/\/api.w.org\/{rel}","templated":true}]}}