{"id":12527,"date":"2017-10-03T11:22:49","date_gmt":"2017-10-03T11:22:49","guid":{"rendered":"https:\/\/kuldkroon.ee\/kuldkroon\/?post_type=product&#038;p=12527"},"modified":"2024-11-14T11:15:36","modified_gmt":"2024-11-14T11:15:36","slug":"basic-51","status":"publish","type":"product","link":"https:\/\/kuldkroon.ee\/ru\/toode\/basic-51\/","title":{"rendered":"Basic"},"content":{"rendered":"<p>August Gerstner abielus\u00f5rmusega kaasneb lubadus \u2013 s\u00f5rmus eluks ajaks!<\/p>\n<p>Alates momendist kui sa paned s\u00f5rme selle s\u00f5rmuse, on see sinuga terve \u00fclej\u00e4\u00e4nud elu. T\u00e4nu sellele, et nam kui 150 aastase ajalooga Saksamaa s\u00f5rmuste tooja valmistab k\u00f5ik sulamid ise, tagab see erakordse kvaliteedi ja vastupidavuse.<\/p>\n<p>K\u00f5ik August Gerstneri s\u00f5rmused on nikli vabad!<\/p>","protected":false},"excerpt":{"rendered":"<p><strong>\u041e\u0431\u0440\u0443\u0447\u0430\u043b\u044c\u043d\u044b\u0435 \u043a\u043e\u043b\u044c\u0446\u0430 August Gerstner Exclusiv<\/strong><\/p>\n<p>7 \u0431\u0440\u0438\u043b\u043b\u0438\u0430\u043d\u0442\u043e\u0432 \u043a\u043b\u0430\u0441\u0441\u0438\u0447\u0435\u0441\u043a\u043e\u0439 \u043e\u0433\u0440\u0430\u043d\u043a\u0438 0,08 \u043a\u0430\u0440\u0430\u0442\u0430 Top Wesselton Si<\/p>\n<p>\u0414\u043e\u0441\u0442\u0443\u043f\u043d\u044b\u0435 \u043c\u0430\u0442\u0435\u0440\u0438\u0430\u043b\u044b: \u0436\u0435\u043b\u0442\u043e\u0435 \u0437\u043e\u043b\u043e\u0442\u043e, \u0431\u0435\u043b\u043e\u0435 \u0437\u043e\u043b\u043e\u0442\u043e, \u0440\u043e\u0437\u043e\u0432\u043e\u0435 \u0438 \u043a\u0440\u0430\u0441\u043d\u043e\u0435 \u0437\u043e\u043b\u043e\u0442\u043e. \u041f\u0430\u043b\u043b\u0430\u0434\u0438\u0439 \u0438 \u043f\u043b\u0430\u0442\u0438\u043d\u0430<br \/>\n\u0437\u043e\u043b\u043e\u0442\u043e\u0439 \u0441\u043f\u043b\u0430\u0432 375\/- (9\u041a), 585\/- (14\u041a), 750\/- (18\u041a)<\/p>\n<p>\u0428\u0438\u0440\u0438\u043d\u0430 \u043a\u043e\u043b\u0435\u0446 6,0 \u043c\u043c.<br \/>\n<strong>\u0426\u0435\u043d\u0430 \u0437\u0430 \u043a\u043e\u043c\u043f\u043b\u0435\u043a\u0442 \u043d\u0430\u0447\u0438\u043d\u0430\u0435\u0442\u0441\u044f \u043e\u0442 \u043e\u043a. 2 199,00<\/strong><br \/>\n\u0412\u0441\u0435\u0433\u0434\u0430 \u043f\u0440\u043e\u0441\u0438\u0442\u0435 \u043b\u0443\u0447\u0448\u0435\u0435 \u043f\u0440\u0435\u0434\u043b\u043e\u0436\u0435\u043d\u0438\u0435!<br \/>\n\u041e\u0431\u0440\u0430\u0442\u0438\u0442\u0435 \u0432\u043d\u0438\u043c\u0430\u043d\u0438\u0435! \u041c\u044b \u043e\u0441\u0442\u0430\u0432\u043b\u044f\u0435\u043c \u0437\u0430 \u0441\u043e\u0431\u043e\u0439 \u043f\u0440\u0430\u0432\u043e \u043d\u0430 \u0438\u0437\u043c\u0435\u043d\u0435\u043d\u0438\u0435 \u0446\u0435\u043d\u044b \u0432 \u0437\u0430\u0432\u0438\u0441\u0438\u043c\u043e\u0441\u0442\u0438 \u043e\u0442 \u0438\u0437\u043c\u0435\u043d\u0435\u043d\u0438\u044f \u0446\u0435\u043d\u044b \u0437\u043e\u043b\u043e\u0442\u0430 \u043d\u0430 \u043c\u0438\u0440\u043e\u0432\u043e\u043c \u0440\u044b\u043d\u043a\u0435!<\/p>\n<p>\u041f\u043e\u0434\u0430\u0440\u043e\u0447\u043d\u0430\u044f \u043a\u043e\u0440\u043e\u0431\u043a\u0430<\/p>\n<p>\u0411\u0435\u0441\u043f\u043b\u0430\u0442\u043d\u0430\u044f \u0433\u0440\u0430\u0432\u0438\u0440\u043e\u0432\u043a\u0430<\/p>\n","protected":false},"featured_media":12528,"comment_status":"open","ping_status":"closed","template":"","meta":{"_acf_changed":false},"product_brand":[],"product_cat":[1155,1158,1176],"product_tag":[],"class_list":{"0":"post-12527","1":"product","2":"type-product","3":"status-publish","4":"has-post-thumbnail","6":"product_cat-abielusormused","7":"product_cat-august-gerstner","8":"product_cat-basic","10":"first","11":"instock","12":"taxable","13":"shipping-taxable","14":"product-type-simple"},"acf":[],"_links":{"self":[{"href":"https:\/\/kuldkroon.ee\/ru\/wp-json\/wp\/v2\/product\/12527","targetHints":{"allow":["GET"]}}],"collection":[{"href":"https:\/\/kuldkroon.ee\/ru\/wp-json\/wp\/v2\/product"}],"about":[{"href":"https:\/\/kuldkroon.ee\/ru\/wp-json\/wp\/v2\/types\/product"}],"replies":[{"embeddable":true,"href":"https:\/\/kuldkroon.ee\/ru\/wp-json\/wp\/v2\/comments?post=12527"}],"wp:featuredmedia":[{"embeddable":true,"href":"https:\/\/kuldkroon.ee\/ru\/wp-json\/wp\/v2\/media\/12528"}],"wp:attachment":[{"href":"https:\/\/kuldkroon.ee\/ru\/wp-json\/wp\/v2\/media?parent=12527"}],"wp:term":[{"taxonomy":"product_brand","embeddable":true,"href":"https:\/\/kuldkroon.ee\/ru\/wp-json\/wp\/v2\/product_brand?post=12527"},{"taxonomy":"product_cat","embeddable":true,"href":"https:\/\/kuldkroon.ee\/ru\/wp-json\/wp\/v2\/product_cat?post=12527"},{"taxonomy":"product_tag","embeddable":true,"href":"https:\/\/kuldkroon.ee\/ru\/wp-json\/wp\/v2\/product_tag?post=12527"}],"curies":[{"name":"wp","href":"https:\/\/api.w.org\/{rel}","templated":true}]}}