{"id":12022,"date":"2017-09-04T11:39:12","date_gmt":"2017-09-04T11:39:12","guid":{"rendered":"https:\/\/kuldkroon.ee\/kuldkroon\/toode\/luxenter-saans-kaevoru-rodeeritud-15\/"},"modified":"2024-05-02T13:18:46","modified_gmt":"2024-05-02T13:18:46","slug":"luxenter-saans-kaevoru-rodeeritud-15","status":"publish","type":"product","link":"https:\/\/www.kuldkroon.ee\/ru\/toode\/luxenter-saans-kaevoru-rodeeritud-15\/","title":{"rendered":"Luxenter k\u00e4ev\u00f5ru"},"content":{"rendered":"","protected":false},"excerpt":{"rendered":"<p>Teras<\/p>\n<p>Rodeeritud<\/p>\n<p>M\u00f5\u00f5tmed: 44.03mm x 58mm, v\u00e4line m\u00f5\u00f5t: 11.20mm x 1.53mm<\/p>\n<p>Kinkekarp<\/p>\n","protected":false},"featured_media":12023,"comment_status":"closed","ping_status":"closed","template":"","meta":{"_acf_changed":false},"product_brand":[],"product_cat":[1227,1114],"product_tag":[],"class_list":{"0":"post-12022","1":"product","2":"type-product","3":"status-publish","4":"has-post-thumbnail","6":"product_cat-terasest-ehted","7":"product_cat-outlet","9":"first","10":"instock","11":"sale","12":"taxable","13":"shipping-taxable","14":"purchasable","15":"product-type-simple"},"acf":[],"_links":{"self":[{"href":"https:\/\/www.kuldkroon.ee\/ru\/wp-json\/wp\/v2\/product\/12022","targetHints":{"allow":["GET"]}}],"collection":[{"href":"https:\/\/www.kuldkroon.ee\/ru\/wp-json\/wp\/v2\/product"}],"about":[{"href":"https:\/\/www.kuldkroon.ee\/ru\/wp-json\/wp\/v2\/types\/product"}],"replies":[{"embeddable":true,"href":"https:\/\/www.kuldkroon.ee\/ru\/wp-json\/wp\/v2\/comments?post=12022"}],"wp:featuredmedia":[{"embeddable":true,"href":"https:\/\/www.kuldkroon.ee\/ru\/wp-json\/wp\/v2\/media\/12023"}],"wp:attachment":[{"href":"https:\/\/www.kuldkroon.ee\/ru\/wp-json\/wp\/v2\/media?parent=12022"}],"wp:term":[{"taxonomy":"product_brand","embeddable":true,"href":"https:\/\/www.kuldkroon.ee\/ru\/wp-json\/wp\/v2\/product_brand?post=12022"},{"taxonomy":"product_cat","embeddable":true,"href":"https:\/\/www.kuldkroon.ee\/ru\/wp-json\/wp\/v2\/product_cat?post=12022"},{"taxonomy":"product_tag","embeddable":true,"href":"https:\/\/www.kuldkroon.ee\/ru\/wp-json\/wp\/v2\/product_tag?post=12022"}],"curies":[{"name":"wp","href":"https:\/\/api.w.org\/{rel}","templated":true}]}}