{"id":11139,"date":"2017-09-04T11:09:25","date_gmt":"2017-09-04T11:09:25","guid":{"rendered":"https:\/\/kuldkroon.ee\/kuldkroon\/toode\/dalvey-sedan-kell-3\/"},"modified":"2018-10-31T11:40:52","modified_gmt":"2018-10-31T11:40:52","slug":"dalvey-sedan-kell-3","status":"publish","type":"product","link":"https:\/\/kuldkroon.ee\/ru\/toode\/dalvey-sedan-kell-3\/","title":{"rendered":"Dalvey Sedan kell"},"content":{"rendered":"<pre id=\"tw-target-text\" class=\"tw-data-text tw-ta tw-text-small\" dir=\"ltr\" data-placeholder=\"T\u00f5lge\" data-fulltext=\"\"><span lang=\"et\">Suurus: L\u00e4bim\u00f5\u00f5t: 120mm \r\nPaksus: 25mm \r\nK\u00f5rgus (stand): 180mm\r\nTeras\r\nGraveerimisv\u00f5imalus\r\nKinekakrp\r\n\r\n<\/span><\/pre>\n","protected":false},"excerpt":{"rendered":"<p>Suurus: L\u00e4bim\u00f5\u00f5t: 120mm Paksus: 25mm K\u00f5rgus (stand): 180mm Teras Graveerimisv\u00f5imalus Kinekakrp<\/p>\n","protected":false},"featured_media":11140,"comment_status":"closed","ping_status":"closed","template":"","meta":{"_acf_changed":false},"product_brand":[],"product_cat":[1115,1118],"product_tag":[],"class_list":{"0":"post-11139","1":"product","2":"type-product","3":"status-publish","4":"has-post-thumbnail","6":"product_cat-aksessuaarid","7":"product_cat-dalvey-meeste-aksessuaarid","9":"first","10":"instock","11":"sale","12":"taxable","13":"shipping-taxable","14":"purchasable","15":"product-type-simple"},"acf":[],"_links":{"self":[{"href":"https:\/\/kuldkroon.ee\/ru\/wp-json\/wp\/v2\/product\/11139","targetHints":{"allow":["GET"]}}],"collection":[{"href":"https:\/\/kuldkroon.ee\/ru\/wp-json\/wp\/v2\/product"}],"about":[{"href":"https:\/\/kuldkroon.ee\/ru\/wp-json\/wp\/v2\/types\/product"}],"replies":[{"embeddable":true,"href":"https:\/\/kuldkroon.ee\/ru\/wp-json\/wp\/v2\/comments?post=11139"}],"wp:featuredmedia":[{"embeddable":true,"href":"https:\/\/kuldkroon.ee\/ru\/wp-json\/wp\/v2\/media\/11140"}],"wp:attachment":[{"href":"https:\/\/kuldkroon.ee\/ru\/wp-json\/wp\/v2\/media?parent=11139"}],"wp:term":[{"taxonomy":"product_brand","embeddable":true,"href":"https:\/\/kuldkroon.ee\/ru\/wp-json\/wp\/v2\/product_brand?post=11139"},{"taxonomy":"product_cat","embeddable":true,"href":"https:\/\/kuldkroon.ee\/ru\/wp-json\/wp\/v2\/product_cat?post=11139"},{"taxonomy":"product_tag","embeddable":true,"href":"https:\/\/kuldkroon.ee\/ru\/wp-json\/wp\/v2\/product_tag?post=11139"}],"curies":[{"name":"wp","href":"https:\/\/api.w.org\/{rel}","templated":true}]}}