{"id":10534,"date":"2017-09-04T10:45:49","date_gmt":"2017-09-04T10:45:49","guid":{"rendered":"https:\/\/kuldkroon.ee\/kuldkroon\/toode\/luxenter-korvarongad-19\/"},"modified":"2019-03-07T14:08:46","modified_gmt":"2019-03-07T14:08:46","slug":"luxenter-korvarongad-19","status":"publish","type":"product","link":"https:\/\/www.kuldkroon.ee\/ru\/toode\/luxenter-korvarongad-19\/","title":{"rendered":"Luxenter k\u00f5rvar\u00f5ngad"},"content":{"rendered":"","protected":false},"excerpt":{"rendered":"<p>Teras \u00fcle rodeeritud<\/p>\n<p>Kinkekarp<\/p>\n","protected":false},"featured_media":10535,"comment_status":"closed","ping_status":"closed","template":"","meta":{"_acf_changed":false},"product_brand":[],"product_cat":[1227],"product_tag":[],"class_list":{"0":"post-10534","1":"product","2":"type-product","3":"status-publish","4":"has-post-thumbnail","6":"product_cat-terasest-ehted","8":"first","9":"instock","10":"taxable","11":"shipping-taxable","12":"purchasable","13":"product-type-simple"},"acf":[],"_links":{"self":[{"href":"https:\/\/www.kuldkroon.ee\/ru\/wp-json\/wp\/v2\/product\/10534","targetHints":{"allow":["GET"]}}],"collection":[{"href":"https:\/\/www.kuldkroon.ee\/ru\/wp-json\/wp\/v2\/product"}],"about":[{"href":"https:\/\/www.kuldkroon.ee\/ru\/wp-json\/wp\/v2\/types\/product"}],"replies":[{"embeddable":true,"href":"https:\/\/www.kuldkroon.ee\/ru\/wp-json\/wp\/v2\/comments?post=10534"}],"wp:featuredmedia":[{"embeddable":true,"href":"https:\/\/www.kuldkroon.ee\/ru\/wp-json\/wp\/v2\/media\/10535"}],"wp:attachment":[{"href":"https:\/\/www.kuldkroon.ee\/ru\/wp-json\/wp\/v2\/media?parent=10534"}],"wp:term":[{"taxonomy":"product_brand","embeddable":true,"href":"https:\/\/www.kuldkroon.ee\/ru\/wp-json\/wp\/v2\/product_brand?post=10534"},{"taxonomy":"product_cat","embeddable":true,"href":"https:\/\/www.kuldkroon.ee\/ru\/wp-json\/wp\/v2\/product_cat?post=10534"},{"taxonomy":"product_tag","embeddable":true,"href":"https:\/\/www.kuldkroon.ee\/ru\/wp-json\/wp\/v2\/product_tag?post=10534"}],"curies":[{"name":"wp","href":"https:\/\/api.w.org\/{rel}","templated":true}]}}