{"id":10385,"date":"2017-09-04T10:44:32","date_gmt":"2017-09-04T10:44:32","guid":{"rendered":"https:\/\/kuldkroon.ee\/kuldkroon\/toode\/luxenter-sormus-3\/"},"modified":"2020-03-05T11:12:40","modified_gmt":"2020-03-05T11:12:40","slug":"luxenter-sormus-3","status":"publish","type":"product","link":"https:\/\/kuldkroon.ee\/ru\/toode\/luxenter-sormus-3\/","title":{"rendered":"Luxenter s\u00f5rmus"},"content":{"rendered":"<p><strong>LUXENTER<\/strong> &#8211; K\u00f5rgklassi h\u00f5beehete juhtiv br\u00e4nd Hispaaniast. Kasutatakse parimaid materjale ja rohkesti poolv\u00e4\u00e4riskive. Ehted disainitakse p\u00f5hjalike moetrendide uurimisel. Luuakse k\u00f5rgmoodi, kuid p\u00f5hit\u00e4helepanu j\u00e4\u00e4b ikka juveeli autentsusele. Ehete kollektsioon ka t\u00e4ieneb pidevalt. Varakevadel ja hilis\u00fcgiseltuleb alati v\u00e4lja uuskollektsioon.\u00a0 LUXENTER on ajatu ja eatu ehtebra\u00e4nd. Kuldkroon on LUXENTER ehete ametlik maaletooja.<\/p>\n","protected":false},"excerpt":{"rendered":"<p>V\u00e4rvilised tsirkoonid<\/p>\n<p>H\u00f5be 925\/-<\/p>\n<p>Suurus 16,0<\/p>\n<p>Kinkekarp<\/p>\n","protected":false},"featured_media":10386,"comment_status":"closed","ping_status":"closed","template":"","meta":{"_acf_changed":false},"product_brand":[],"product_cat":[1120],"product_tag":[],"class_list":{"0":"post-10385","1":"product","2":"type-product","3":"status-publish","4":"has-post-thumbnail","6":"product_cat-luxenter","8":"first","9":"instock","10":"taxable","11":"shipping-taxable","12":"purchasable","13":"product-type-simple"},"acf":[],"_links":{"self":[{"href":"https:\/\/kuldkroon.ee\/ru\/wp-json\/wp\/v2\/product\/10385","targetHints":{"allow":["GET"]}}],"collection":[{"href":"https:\/\/kuldkroon.ee\/ru\/wp-json\/wp\/v2\/product"}],"about":[{"href":"https:\/\/kuldkroon.ee\/ru\/wp-json\/wp\/v2\/types\/product"}],"replies":[{"embeddable":true,"href":"https:\/\/kuldkroon.ee\/ru\/wp-json\/wp\/v2\/comments?post=10385"}],"wp:featuredmedia":[{"embeddable":true,"href":"https:\/\/kuldkroon.ee\/ru\/wp-json\/wp\/v2\/media\/10386"}],"wp:attachment":[{"href":"https:\/\/kuldkroon.ee\/ru\/wp-json\/wp\/v2\/media?parent=10385"}],"wp:term":[{"taxonomy":"product_brand","embeddable":true,"href":"https:\/\/kuldkroon.ee\/ru\/wp-json\/wp\/v2\/product_brand?post=10385"},{"taxonomy":"product_cat","embeddable":true,"href":"https:\/\/kuldkroon.ee\/ru\/wp-json\/wp\/v2\/product_cat?post=10385"},{"taxonomy":"product_tag","embeddable":true,"href":"https:\/\/kuldkroon.ee\/ru\/wp-json\/wp\/v2\/product_tag?post=10385"}],"curies":[{"name":"wp","href":"https:\/\/api.w.org\/{rel}","templated":true}]}}