{"id":9257,"date":"2017-09-04T10:15:26","date_gmt":"2017-09-04T10:15:26","guid":{"rendered":"https:\/\/kuldkroon.ee\/kuldkroon\/toode\/saurum-mansetinoobid-4\/"},"modified":"2023-12-19T11:44:44","modified_gmt":"2023-12-19T11:44:44","slug":"saurum-mansetinoobid-4","status":"publish","type":"product","link":"https:\/\/kuldkroon.ee\/en\/toode\/saurum-mansetinoobid-4\/","title":{"rendered":"Saurum mansetin\u00f6\u00f6"},"content":{"rendered":"","protected":false},"excerpt":{"rendered":"<p>Saurum mansetin\u00f6\u00f6bid<\/p>\n<p>Mustad teemantid 0,02 karaati<\/p>\n<p>H\u00f5be 925\/-<\/p>\n<p>Graveeritav<\/p>\n","protected":false},"featured_media":9258,"comment_status":"closed","ping_status":"closed","template":"","meta":{"_acf_changed":false},"product_brand":[],"product_cat":[1144],"product_tag":[],"class_list":{"0":"post-9257","1":"product","2":"type-product","3":"status-publish","4":"has-post-thumbnail","6":"product_cat-mansetinoobid-lipsunoelad","8":"first","9":"outofstock","10":"sold-individually","11":"taxable","12":"shipping-taxable","13":"purchasable","14":"product-type-simple"},"acf":[],"_links":{"self":[{"href":"https:\/\/kuldkroon.ee\/en\/wp-json\/wp\/v2\/product\/9257","targetHints":{"allow":["GET"]}}],"collection":[{"href":"https:\/\/kuldkroon.ee\/en\/wp-json\/wp\/v2\/product"}],"about":[{"href":"https:\/\/kuldkroon.ee\/en\/wp-json\/wp\/v2\/types\/product"}],"replies":[{"embeddable":true,"href":"https:\/\/kuldkroon.ee\/en\/wp-json\/wp\/v2\/comments?post=9257"}],"wp:featuredmedia":[{"embeddable":true,"href":"https:\/\/kuldkroon.ee\/en\/wp-json\/wp\/v2\/media\/9258"}],"wp:attachment":[{"href":"https:\/\/kuldkroon.ee\/en\/wp-json\/wp\/v2\/media?parent=9257"}],"wp:term":[{"taxonomy":"product_brand","embeddable":true,"href":"https:\/\/kuldkroon.ee\/en\/wp-json\/wp\/v2\/product_brand?post=9257"},{"taxonomy":"product_cat","embeddable":true,"href":"https:\/\/kuldkroon.ee\/en\/wp-json\/wp\/v2\/product_cat?post=9257"},{"taxonomy":"product_tag","embeddable":true,"href":"https:\/\/kuldkroon.ee\/en\/wp-json\/wp\/v2\/product_tag?post=9257"}],"curies":[{"name":"wp","href":"https:\/\/api.w.org\/{rel}","templated":true}]}}