{"id":25751,"date":"2026-04-20T10:11:10","date_gmt":"2026-04-20T10:11:10","guid":{"rendered":"https:\/\/kuldkroon.ee\/?post_type=product&#038;p=25751"},"modified":"2026-04-20T10:11:11","modified_gmt":"2026-04-20T10:11:11","slug":"smaragd-sormus","status":"publish","type":"product","link":"https:\/\/kuldkroon.ee\/en\/toode\/smaragd-sormus\/","title":{"rendered":"Emerald Ring"},"content":{"rendered":"<p><strong>KAS KIHLAS\u00d5RMUS V\u00d5IB OLLA V\u00c4RVILISE KIVIGA?<\/strong>\u00a0Kuigi valge teemantiga kihlas\u00f5rmus on \u00fcldise levinud arusaama j\u00e4rgi klassikaline, pole keskmise v\u00f5i k\u00f5igi kivide valimisel ja kihlas\u00f5rmuse disainil liiga rangeid reegleid. Kui v\u00e4rviline kalliskivi kihlas\u00f5rmuses tundub rohkem Sinu ja Sinu v\u00e4ljavalitu sarnane, siis \u00fctleme meie, et see tuleb ka valida.<\/p>\n<p>Pakume v\u00e4ga erinevaid v\u00e4rviliste v\u00e4\u00e4ris- ja poolv\u00e4\u00e4riskividega s\u00f5rmuseid, mis kindlasti on kohased ka kihlas\u00f5rmuseks. V\u00f5ite ka meie poole p\u00f6\u00f6rduda, kui Teil on mingi oma kindel mineraal, mida sooviksite s\u00f5rmuses n\u00e4ha. Kindlasti leiame teile s\u00f5rmuse, mis sobib just selleks eriliseks juhtumiks, Teie valitud KIHLAS\u00d5RMUSEKS.<\/p>","protected":false},"excerpt":{"rendered":"<p>Emerald Ring<\/p>\n<p>Yellow Gold 14 Kt (585\/-)<\/p>\n<p>Natural Emerald 0,57 ct<\/p>\n<p>Gift Box<\/p>\n","protected":false},"featured_media":25752,"comment_status":"closed","ping_status":"closed","template":"","meta":{"_acf_changed":false},"product_brand":[],"product_cat":[1231],"product_tag":[],"class_list":{"0":"post-25751","1":"product","2":"type-product","3":"status-publish","4":"has-post-thumbnail","6":"product_cat-varvilised-vaariskivid","8":"first","9":"instock","10":"sale","11":"taxable","12":"shipping-taxable","13":"purchasable","14":"product-type-simple"},"acf":[],"_links":{"self":[{"href":"https:\/\/kuldkroon.ee\/en\/wp-json\/wp\/v2\/product\/25751","targetHints":{"allow":["GET"]}}],"collection":[{"href":"https:\/\/kuldkroon.ee\/en\/wp-json\/wp\/v2\/product"}],"about":[{"href":"https:\/\/kuldkroon.ee\/en\/wp-json\/wp\/v2\/types\/product"}],"replies":[{"embeddable":true,"href":"https:\/\/kuldkroon.ee\/en\/wp-json\/wp\/v2\/comments?post=25751"}],"wp:featuredmedia":[{"embeddable":true,"href":"https:\/\/kuldkroon.ee\/en\/wp-json\/wp\/v2\/media\/25752"}],"wp:attachment":[{"href":"https:\/\/kuldkroon.ee\/en\/wp-json\/wp\/v2\/media?parent=25751"}],"wp:term":[{"taxonomy":"product_brand","embeddable":true,"href":"https:\/\/kuldkroon.ee\/en\/wp-json\/wp\/v2\/product_brand?post=25751"},{"taxonomy":"product_cat","embeddable":true,"href":"https:\/\/kuldkroon.ee\/en\/wp-json\/wp\/v2\/product_cat?post=25751"},{"taxonomy":"product_tag","embeddable":true,"href":"https:\/\/kuldkroon.ee\/en\/wp-json\/wp\/v2\/product_tag?post=25751"}],"curies":[{"name":"wp","href":"https:\/\/api.w.org\/{rel}","templated":true}]}}