{"id":25528,"date":"2025-01-14T12:17:58","date_gmt":"2025-01-14T12:17:58","guid":{"rendered":"https:\/\/www.kuldkroon.ee\/?post_type=product&#038;p=25528"},"modified":"2025-12-20T13:51:16","modified_gmt":"2025-12-20T13:51:16","slug":"kihlasormused-27","status":"publish","type":"product","link":"https:\/\/kuldkroon.ee\/en\/toode\/kihlasormused-27\/","title":{"rendered":"MARRY ME"},"content":{"rendered":"<p><div style=\"width: 492px;\" class=\"wp-video\"><video class=\"wp-video-shortcode\" id=\"video-25528-2\" width=\"492\" height=\"492\" preload=\"metadata\" controls=\"controls\"><source type=\"video\/mp4\" src=\"https:\/\/www.kuldkroon.ee\/wp-content\/uploads\/2025\/01\/ENG4262.mp4?_=2\" \/><a href=\"https:\/\/www.kuldkroon.ee\/wp-content\/uploads\/2025\/01\/ENG4262.mp4\">https:\/\/www.kuldkroon.ee\/wp-content\/uploads\/2025\/01\/ENG4262.mp4<\/a><\/video><\/div><\/p>","protected":false},"excerpt":{"rendered":"<p><strong>Plaatina 950\/-<\/strong><\/p>\n<p>Keskmine kivi:<br \/>\n<strong>Princess-lihvis keskmine looduslik teemant 0,34 ct E\/SI1 (IGI sertifikaat )<\/strong><br \/>\nTeised looduslikud teemantid kokku 0,20 ct\u00a0 F\/VS<br \/>\nBriljandid kokku 0,54 ct<\/p>\n<p>S\u00f5rmuse suurus 16,7 (52,5), v\u00f5imalik ka muuta!<\/p>\n<p>Kinkekarp<\/p>\n<p>Seda s\u00f5rmus on v\u00f5imalik tellida ka valgest, kollasest v\u00f5i roosast kullast erinevate proovidega<br \/>\nKa keskmiseks kiviks saab valida teistsuguse kvaliteed ja suurusega kivi!<\/p>\n<p><strong>NB! SAMA S\u00d5RMUS LABORI TEEMANTITEGA SOODUSHIND\u00a0 1495,00 EUR<\/strong><\/p>\n","protected":false},"featured_media":25531,"comment_status":"open","ping_status":"closed","template":"","meta":{"_acf_changed":false},"product_brand":[],"product_cat":[1157,1230],"product_tag":[],"class_list":{"0":"post-25528","1":"product","2":"type-product","3":"status-publish","4":"has-post-thumbnail","6":"product_cat-kihlasormused","7":"product_cat-mitme-teemantiga","9":"first","10":"instock","11":"sale","12":"taxable","13":"shipping-taxable","14":"purchasable","15":"product-type-simple"},"acf":[],"_links":{"self":[{"href":"https:\/\/kuldkroon.ee\/en\/wp-json\/wp\/v2\/product\/25528","targetHints":{"allow":["GET"]}}],"collection":[{"href":"https:\/\/kuldkroon.ee\/en\/wp-json\/wp\/v2\/product"}],"about":[{"href":"https:\/\/kuldkroon.ee\/en\/wp-json\/wp\/v2\/types\/product"}],"replies":[{"embeddable":true,"href":"https:\/\/kuldkroon.ee\/en\/wp-json\/wp\/v2\/comments?post=25528"}],"wp:featuredmedia":[{"embeddable":true,"href":"https:\/\/kuldkroon.ee\/en\/wp-json\/wp\/v2\/media\/25531"}],"wp:attachment":[{"href":"https:\/\/kuldkroon.ee\/en\/wp-json\/wp\/v2\/media?parent=25528"}],"wp:term":[{"taxonomy":"product_brand","embeddable":true,"href":"https:\/\/kuldkroon.ee\/en\/wp-json\/wp\/v2\/product_brand?post=25528"},{"taxonomy":"product_cat","embeddable":true,"href":"https:\/\/kuldkroon.ee\/en\/wp-json\/wp\/v2\/product_cat?post=25528"},{"taxonomy":"product_tag","embeddable":true,"href":"https:\/\/kuldkroon.ee\/en\/wp-json\/wp\/v2\/product_tag?post=25528"}],"curies":[{"name":"wp","href":"https:\/\/api.w.org\/{rel}","templated":true}]}}