{"id":25456,"date":"2024-10-29T10:30:37","date_gmt":"2024-10-29T10:30:37","guid":{"rendered":"https:\/\/www.kuldkroon.ee\/?post_type=product&#038;p=25456"},"modified":"2024-10-29T10:30:37","modified_gmt":"2024-10-29T10:30:37","slug":"meeste-randmekeed-4","status":"publish","type":"product","link":"https:\/\/kuldkroon.ee\/en\/toode\/meeste-randmekeed-4\/","title":{"rendered":"Three eyes"},"content":{"rendered":"<p><strong>IKOBA randmekeed Prantusmaalt<\/strong><br \/>\nRoostevabast terasest vahet\u00fckid. Paigaldatud \u00fclitugevale silikoonist venitustraadile maksimaalse mugavuse ja sobivuse tagamiseks.<br \/>\nValimistatud k\u00e4sitsi IKOBA\u00a0 t\u00f6\u00f6kojas Prantsusmaal. T\u00e4nu loodusliku materjali kasutamisele on iga k\u00e4ev\u00f5ru ainulaadne<\/p>","protected":false},"excerpt":{"rendered":"<p><strong> bracelet <\/strong><\/p>\n<p>Bull&#8217;s eye, tiger&#8217;s eye and falcon&#8217;s eye) and lava stone<\/p>\n","protected":false},"featured_media":25457,"comment_status":"open","ping_status":"closed","template":"","meta":{"_acf_changed":false},"product_brand":[],"product_cat":[1294],"product_tag":[],"class_list":{"0":"post-25456","1":"product","2":"type-product","3":"status-publish","4":"has-post-thumbnail","6":"product_cat-poolvaariskividest-randmekeed-prantusmaalt","8":"first","9":"instock","10":"taxable","11":"shipping-taxable","12":"purchasable","13":"product-type-simple"},"acf":[],"_links":{"self":[{"href":"https:\/\/kuldkroon.ee\/en\/wp-json\/wp\/v2\/product\/25456","targetHints":{"allow":["GET"]}}],"collection":[{"href":"https:\/\/kuldkroon.ee\/en\/wp-json\/wp\/v2\/product"}],"about":[{"href":"https:\/\/kuldkroon.ee\/en\/wp-json\/wp\/v2\/types\/product"}],"replies":[{"embeddable":true,"href":"https:\/\/kuldkroon.ee\/en\/wp-json\/wp\/v2\/comments?post=25456"}],"wp:featuredmedia":[{"embeddable":true,"href":"https:\/\/kuldkroon.ee\/en\/wp-json\/wp\/v2\/media\/25457"}],"wp:attachment":[{"href":"https:\/\/kuldkroon.ee\/en\/wp-json\/wp\/v2\/media?parent=25456"}],"wp:term":[{"taxonomy":"product_brand","embeddable":true,"href":"https:\/\/kuldkroon.ee\/en\/wp-json\/wp\/v2\/product_brand?post=25456"},{"taxonomy":"product_cat","embeddable":true,"href":"https:\/\/kuldkroon.ee\/en\/wp-json\/wp\/v2\/product_cat?post=25456"},{"taxonomy":"product_tag","embeddable":true,"href":"https:\/\/kuldkroon.ee\/en\/wp-json\/wp\/v2\/product_tag?post=25456"}],"curies":[{"name":"wp","href":"https:\/\/api.w.org\/{rel}","templated":true}]}}