{"id":25005,"date":"2024-09-13T10:03:00","date_gmt":"2024-09-13T10:03:00","guid":{"rendered":"https:\/\/www.kuldkroon.ee\/?post_type=product&#038;p=25005"},"modified":"2024-09-13T10:03:01","modified_gmt":"2024-09-13T10:03:01","slug":"zirconium-sormused-3","status":"publish","type":"product","link":"https:\/\/kuldkroon.ee\/en\/toode\/zirconium-sormused-3\/","title":{"rendered":"Zirconium FROST"},"content":{"rendered":"<p><strong>Black Edition<\/strong> kollektsiooni kuuluv FROST s\u00f5rmus on stiilne ja isikup\u00e4rane valik traditsioonilise abielu s\u00f5rmuse asemel. Vastupidavast tsirkooniumist valmistatud 7 mm laiusel s\u00f5rmusel on k\u00e4sitsi valmistatud pinnamuster, mis on igas s\u00f5rmuses ainulaadne \u2013 t\u00e4pselt nagu kandja.<br \/>\nNB! Black Edition mudeleid on v\u00f5imalik tellida ka valgest,kollasest v\u00f5i roosast kullast!<\/p>","protected":false},"excerpt":{"rendered":"<p class=\"qtranxs-available-languages-message qtranxs-available-languages-message-en\">Sorry, this entry is only available in <a href=\"https:\/\/kuldkroon.ee\/et\/wp-json\/wp\/v2\/product\/25005\" class=\"qtranxs-available-language-link qtranxs-available-language-link-et\" title=\"Eesti\">Eesti<\/a>.<\/p>\n","protected":false},"featured_media":25006,"comment_status":"open","ping_status":"closed","template":"","meta":{"_acf_changed":false},"product_brand":[],"product_cat":[1292],"product_tag":[],"class_list":{"0":"post-25005","1":"product","2":"type-product","3":"status-publish","4":"has-post-thumbnail","6":"product_cat-black-edition","8":"first","9":"instock","10":"taxable","11":"shipping-taxable","12":"purchasable","13":"product-type-simple"},"acf":[],"_links":{"self":[{"href":"https:\/\/kuldkroon.ee\/en\/wp-json\/wp\/v2\/product\/25005","targetHints":{"allow":["GET"]}}],"collection":[{"href":"https:\/\/kuldkroon.ee\/en\/wp-json\/wp\/v2\/product"}],"about":[{"href":"https:\/\/kuldkroon.ee\/en\/wp-json\/wp\/v2\/types\/product"}],"replies":[{"embeddable":true,"href":"https:\/\/kuldkroon.ee\/en\/wp-json\/wp\/v2\/comments?post=25005"}],"wp:featuredmedia":[{"embeddable":true,"href":"https:\/\/kuldkroon.ee\/en\/wp-json\/wp\/v2\/media\/25006"}],"wp:attachment":[{"href":"https:\/\/kuldkroon.ee\/en\/wp-json\/wp\/v2\/media?parent=25005"}],"wp:term":[{"taxonomy":"product_brand","embeddable":true,"href":"https:\/\/kuldkroon.ee\/en\/wp-json\/wp\/v2\/product_brand?post=25005"},{"taxonomy":"product_cat","embeddable":true,"href":"https:\/\/kuldkroon.ee\/en\/wp-json\/wp\/v2\/product_cat?post=25005"},{"taxonomy":"product_tag","embeddable":true,"href":"https:\/\/kuldkroon.ee\/en\/wp-json\/wp\/v2\/product_tag?post=25005"}],"curies":[{"name":"wp","href":"https:\/\/api.w.org\/{rel}","templated":true}]}}