{"id":24716,"date":"2023-10-10T11:19:32","date_gmt":"2023-10-10T11:19:32","guid":{"rendered":"https:\/\/kuldkroon.ee\/?post_type=product&#038;p=24716"},"modified":"2026-04-10T11:14:25","modified_gmt":"2026-04-10T11:14:25","slug":"duetto-black-2","status":"publish","type":"product","link":"https:\/\/www.kuldkroon.ee\/en\/toode\/duetto-black-2\/","title":{"rendered":"Zirconium &#038; Gold"},"content":{"rendered":"<p>Black Edition s\u00f5rmus on julge ja silmatorkav valik traditsioonilise kulds\u00f5rmuse asemel! Zirkooniumist valmistatud 4,5 mm laiusel s\u00f5rmusel on 585\/- prooviga kullast lint. Saadaval punasesest, valgest v\u00f5i kollasest kullast<\/p>","protected":false},"excerpt":{"rendered":"<p>Wedding ring<br \/>\nwidth 4.5 mm<\/p>\n<p>Zirconium<br \/>\nWhite, yellow or rose gold with sample 585\/-<\/p>\n","protected":false},"featured_media":24717,"comment_status":"open","ping_status":"closed","template":"","meta":{"_acf_changed":false},"product_brand":[],"product_cat":[1292],"product_tag":[],"class_list":{"0":"post-24716","1":"product","2":"type-product","3":"status-publish","4":"has-post-thumbnail","6":"product_cat-black-edition","8":"first","9":"instock","10":"taxable","11":"shipping-taxable","12":"purchasable","13":"product-type-simple"},"acf":[],"_links":{"self":[{"href":"https:\/\/www.kuldkroon.ee\/en\/wp-json\/wp\/v2\/product\/24716","targetHints":{"allow":["GET"]}}],"collection":[{"href":"https:\/\/www.kuldkroon.ee\/en\/wp-json\/wp\/v2\/product"}],"about":[{"href":"https:\/\/www.kuldkroon.ee\/en\/wp-json\/wp\/v2\/types\/product"}],"replies":[{"embeddable":true,"href":"https:\/\/www.kuldkroon.ee\/en\/wp-json\/wp\/v2\/comments?post=24716"}],"wp:featuredmedia":[{"embeddable":true,"href":"https:\/\/www.kuldkroon.ee\/en\/wp-json\/wp\/v2\/media\/24717"}],"wp:attachment":[{"href":"https:\/\/www.kuldkroon.ee\/en\/wp-json\/wp\/v2\/media?parent=24716"}],"wp:term":[{"taxonomy":"product_brand","embeddable":true,"href":"https:\/\/www.kuldkroon.ee\/en\/wp-json\/wp\/v2\/product_brand?post=24716"},{"taxonomy":"product_cat","embeddable":true,"href":"https:\/\/www.kuldkroon.ee\/en\/wp-json\/wp\/v2\/product_cat?post=24716"},{"taxonomy":"product_tag","embeddable":true,"href":"https:\/\/www.kuldkroon.ee\/en\/wp-json\/wp\/v2\/product_tag?post=24716"}],"curies":[{"name":"wp","href":"https:\/\/api.w.org\/{rel}","templated":true}]}}