{"id":24669,"date":"2023-10-04T12:26:21","date_gmt":"2023-10-04T12:26:21","guid":{"rendered":"https:\/\/kuldkroon.ee\/?post_type=product&#038;p=24669"},"modified":"2023-10-04T12:40:44","modified_gmt":"2023-10-04T12:40:44","slug":"smaragdiga-sormus","status":"publish","type":"product","link":"https:\/\/kuldkroon.ee\/en\/toode\/smaragdiga-sormus\/","title":{"rendered":"Emerald Ring"},"content":{"rendered":"<p><strong>LIGHT WEIGHT GOLD<\/strong><br \/>\nSiia kataloogi oleme koondanud kerged ja \u00f5hulised kullast ehted. Kasutatud on ainult v\u00e4ga puhtaid ja v\u00e4geid looduslikke teemantied ning looduslikke poolv\u00e4\u00e4ris- ja v\u00e4\u00e4riskive.<br \/>\nEhete tarneaeg on ca 3 p\u00e4eva.<\/p>\n<p>Kaasneb ka kinkekarp<\/p>","protected":false},"excerpt":{"rendered":"<p>Kullast s\u00f5rmus 585\/-<\/p>\n<p>Looduslik smaragd 0,19 ct (3,77 mm)<\/p>\n<p>Tarneaeg ca 3 p\u00e4ava.<br \/>\nKinkekarp<\/p>\n","protected":false},"featured_media":24670,"comment_status":"open","ping_status":"closed","template":"","meta":{"_acf_changed":false},"product_brand":[],"product_cat":[1285],"product_tag":[],"class_list":{"0":"post-24669","1":"product","2":"type-product","3":"status-publish","4":"has-post-thumbnail","6":"product_cat-light-kuldehet","8":"first","9":"instock","10":"sale","11":"taxable","12":"shipping-taxable","13":"purchasable","14":"product-type-simple"},"acf":[],"_links":{"self":[{"href":"https:\/\/kuldkroon.ee\/en\/wp-json\/wp\/v2\/product\/24669","targetHints":{"allow":["GET"]}}],"collection":[{"href":"https:\/\/kuldkroon.ee\/en\/wp-json\/wp\/v2\/product"}],"about":[{"href":"https:\/\/kuldkroon.ee\/en\/wp-json\/wp\/v2\/types\/product"}],"replies":[{"embeddable":true,"href":"https:\/\/kuldkroon.ee\/en\/wp-json\/wp\/v2\/comments?post=24669"}],"wp:featuredmedia":[{"embeddable":true,"href":"https:\/\/kuldkroon.ee\/en\/wp-json\/wp\/v2\/media\/24670"}],"wp:attachment":[{"href":"https:\/\/kuldkroon.ee\/en\/wp-json\/wp\/v2\/media?parent=24669"}],"wp:term":[{"taxonomy":"product_brand","embeddable":true,"href":"https:\/\/kuldkroon.ee\/en\/wp-json\/wp\/v2\/product_brand?post=24669"},{"taxonomy":"product_cat","embeddable":true,"href":"https:\/\/kuldkroon.ee\/en\/wp-json\/wp\/v2\/product_cat?post=24669"},{"taxonomy":"product_tag","embeddable":true,"href":"https:\/\/kuldkroon.ee\/en\/wp-json\/wp\/v2\/product_tag?post=24669"}],"curies":[{"name":"wp","href":"https:\/\/api.w.org\/{rel}","templated":true}]}}