{"id":24552,"date":"2023-07-05T12:17:19","date_gmt":"2023-07-05T12:17:19","guid":{"rendered":"https:\/\/kuldkroon.ee\/?post_type=product&#038;p=24552"},"modified":"2025-07-04T09:41:06","modified_gmt":"2025-07-04T09:41:06","slug":"moissaniit-2","status":"publish","type":"product","link":"https:\/\/kuldkroon.ee\/en\/toode\/moissaniit-2\/","title":{"rendered":"Moissaniit 1,40 ct"},"content":{"rendered":"<p><strong>Mis on Moissaniit<\/strong><br \/>\nMoissaniit on teemandiasendaja.<br \/>\nHaruldane mineraal, mida leidub looduslikult v\u00e4ga v\u00e4ikestes kogustes. Moissaniidiga ehted on siiski kunstlikult valmistatud, mineraalina r\u00e4nikarbiidist, mis t\u00e4hendab, et ta talub k\u00f5rgeid temperatuure ning on v\u00e4ga k\u00f5va, Moch skaalal 9,5 (teemantil 10,0). Moissaniit on m\u00e4rgatavalt s\u00e4delevam ning ilmutab prismaatilisemat valgust kui teemant, mis on m\u00e4rgatav ka harjumatu silmaga vaatlejale.<\/p>\n<p><strong>Miks Moissaniit<br \/>\n<\/strong>Moissaniit on suurep\u00e4rane valik neile, kes soovivad moodsamat ja j\u00e4tkusuutlikumat valikut.<\/p>\n<p>Kuigi teemant on traditsioonilisem ja leiab kindlasti kasutust kihlas\u00f5rmustes v\u00f5i muudel ehetel ka tulevikus, on Moissaniit sellele v\u00f5rdv\u00e4\u00e4rne valik. Moissaniit on suurep\u00e4rane k\u00f5igile, kes soovivad silmipimestava s\u00e4delusega kalliskivi, mis on tunduvalt soodsam, kui teemant, vastupidavam, eetilisem ja unikaalsem kui teemant.<\/p>","protected":false},"excerpt":{"rendered":"<p class=\"qtranxs-available-languages-message qtranxs-available-languages-message-en\">Sorry, this entry is only available in <a href=\"https:\/\/kuldkroon.ee\/et\/wp-json\/wp\/v2\/product\/24552\" class=\"qtranxs-available-language-link qtranxs-available-language-link-et\" title=\"Eesti\">Eesti<\/a>.<\/p>\n","protected":false},"featured_media":24553,"comment_status":"open","ping_status":"closed","template":"","meta":{"_acf_changed":false},"product_brand":[],"product_cat":[1284],"product_tag":[],"class_list":{"0":"post-24552","1":"product","2":"type-product","3":"status-publish","4":"has-post-thumbnail","6":"product_cat-moissaniit-sormus","8":"first","9":"instock","10":"sale","11":"taxable","12":"shipping-taxable","13":"purchasable","14":"product-type-simple"},"acf":[],"_links":{"self":[{"href":"https:\/\/kuldkroon.ee\/en\/wp-json\/wp\/v2\/product\/24552","targetHints":{"allow":["GET"]}}],"collection":[{"href":"https:\/\/kuldkroon.ee\/en\/wp-json\/wp\/v2\/product"}],"about":[{"href":"https:\/\/kuldkroon.ee\/en\/wp-json\/wp\/v2\/types\/product"}],"replies":[{"embeddable":true,"href":"https:\/\/kuldkroon.ee\/en\/wp-json\/wp\/v2\/comments?post=24552"}],"wp:featuredmedia":[{"embeddable":true,"href":"https:\/\/kuldkroon.ee\/en\/wp-json\/wp\/v2\/media\/24553"}],"wp:attachment":[{"href":"https:\/\/kuldkroon.ee\/en\/wp-json\/wp\/v2\/media?parent=24552"}],"wp:term":[{"taxonomy":"product_brand","embeddable":true,"href":"https:\/\/kuldkroon.ee\/en\/wp-json\/wp\/v2\/product_brand?post=24552"},{"taxonomy":"product_cat","embeddable":true,"href":"https:\/\/kuldkroon.ee\/en\/wp-json\/wp\/v2\/product_cat?post=24552"},{"taxonomy":"product_tag","embeddable":true,"href":"https:\/\/kuldkroon.ee\/en\/wp-json\/wp\/v2\/product_tag?post=24552"}],"curies":[{"name":"wp","href":"https:\/\/api.w.org\/{rel}","templated":true}]}}