{"id":22235,"date":"2021-03-05T09:25:22","date_gmt":"2021-03-05T09:25:22","guid":{"rendered":"https:\/\/kuldkroon.ee\/?post_type=product&#038;p=22235"},"modified":"2021-03-05T09:25:22","modified_gmt":"2021-03-05T09:25:22","slug":"oris-47","status":"publish","type":"product","link":"https:\/\/kuldkroon.ee\/en\/toode\/oris-47\/","title":{"rendered":"ORIS BIG CROWN PROPILOT BIG DATE 41 mm"},"content":{"rendered":"<p><strong>STIILSELT PROFESSIONAALNE<\/strong><\/p>\n<p>Oris Big Crown ProPilot seeria on ulatuslike uuringute tulemus koos professionaalsete pilootide ja meie tootedisaineritega, austades ja muundades Oris Big Crown DNA-d uueks p\u00f5lvkonnaks. See kell pole mitte ainult teie ideaalne kaaslane kokpitis, vaid ka suurep\u00e4rane kell, kuhu iganes teie v\u00e4ljakutsed teid viivad.<\/p>","protected":false},"excerpt":{"rendered":"<p class=\"qtranxs-available-languages-message qtranxs-available-languages-message-en\">Sorry, this entry is only available in <a href=\"https:\/\/kuldkroon.ee\/et\/wp-json\/wp\/v2\/product\/22235\" class=\"qtranxs-available-language-link qtranxs-available-language-link-et\" title=\"Eesti\">Eesti<\/a> and <a href=\"https:\/\/kuldkroon.ee\/ru\/wp-json\/wp\/v2\/product\/22235\" class=\"qtranxs-available-language-link qtranxs-available-language-link-ru\" title=\"\u0420\u0443\u0441\u0441\u043a\u0438\u0439\">\u0420\u0443\u0441\u0441\u043a\u0438\u0439<\/a>.<\/p>\n","protected":false},"featured_media":22236,"comment_status":"open","ping_status":"closed","template":"","meta":{"_acf_changed":false},"product_brand":[],"product_cat":[1259],"product_tag":[],"class_list":{"0":"post-22235","1":"product","2":"type-product","3":"status-publish","4":"has-post-thumbnail","6":"product_cat-big-crown","8":"first","9":"instock","10":"taxable","11":"shipping-taxable","12":"product-type-simple"},"acf":[],"_links":{"self":[{"href":"https:\/\/kuldkroon.ee\/en\/wp-json\/wp\/v2\/product\/22235","targetHints":{"allow":["GET"]}}],"collection":[{"href":"https:\/\/kuldkroon.ee\/en\/wp-json\/wp\/v2\/product"}],"about":[{"href":"https:\/\/kuldkroon.ee\/en\/wp-json\/wp\/v2\/types\/product"}],"replies":[{"embeddable":true,"href":"https:\/\/kuldkroon.ee\/en\/wp-json\/wp\/v2\/comments?post=22235"}],"wp:featuredmedia":[{"embeddable":true,"href":"https:\/\/kuldkroon.ee\/en\/wp-json\/wp\/v2\/media\/22236"}],"wp:attachment":[{"href":"https:\/\/kuldkroon.ee\/en\/wp-json\/wp\/v2\/media?parent=22235"}],"wp:term":[{"taxonomy":"product_brand","embeddable":true,"href":"https:\/\/kuldkroon.ee\/en\/wp-json\/wp\/v2\/product_brand?post=22235"},{"taxonomy":"product_cat","embeddable":true,"href":"https:\/\/kuldkroon.ee\/en\/wp-json\/wp\/v2\/product_cat?post=22235"},{"taxonomy":"product_tag","embeddable":true,"href":"https:\/\/kuldkroon.ee\/en\/wp-json\/wp\/v2\/product_tag?post=22235"}],"curies":[{"name":"wp","href":"https:\/\/api.w.org\/{rel}","templated":true}]}}