{"id":20395,"date":"2020-02-12T12:01:16","date_gmt":"2020-02-12T12:01:16","guid":{"rendered":"https:\/\/kuldkroon.ee\/?post_type=product&#038;p=20395"},"modified":"2020-02-19T12:10:17","modified_gmt":"2020-02-19T12:10:17","slug":"luxenter-korvarongad-4","status":"publish","type":"product","link":"https:\/\/kuldkroon.ee\/en\/toode\/luxenter-korvarongad-4\/","title":{"rendered":"(Eesti) Luxenter k\u00f5rvar\u00f5ngad"},"content":{"rendered":"","protected":false},"excerpt":{"rendered":"<p>Luxenter k\u00f5rvar\u00f5ngad<\/p>\n<p>H\u00f5be 925\/-<\/p>\n<p>Cubic Zirkoniad<\/p>\n<p>Magevee p\u00e4rl<\/p>\n<p>Pikkus: 45mm<\/p>\n<p>Kinkekarp<\/p>\n","protected":false},"featured_media":20396,"comment_status":"open","ping_status":"closed","template":"","meta":{"_acf_changed":false},"product_brand":[],"product_cat":[1113,1131,1120],"product_tag":[],"class_list":{"0":"post-20395","1":"product","2":"type-product","3":"status-publish","4":"has-post-thumbnail","6":"product_cat-luxenter-hobeehted","7":"product_cat-hobedast-korvarongad-juveeli-ja-ehted","8":"product_cat-luxenter","10":"first","11":"instock","12":"taxable","13":"shipping-taxable","14":"purchasable","15":"product-type-simple"},"acf":[],"_links":{"self":[{"href":"https:\/\/kuldkroon.ee\/en\/wp-json\/wp\/v2\/product\/20395","targetHints":{"allow":["GET"]}}],"collection":[{"href":"https:\/\/kuldkroon.ee\/en\/wp-json\/wp\/v2\/product"}],"about":[{"href":"https:\/\/kuldkroon.ee\/en\/wp-json\/wp\/v2\/types\/product"}],"replies":[{"embeddable":true,"href":"https:\/\/kuldkroon.ee\/en\/wp-json\/wp\/v2\/comments?post=20395"}],"wp:featuredmedia":[{"embeddable":true,"href":"https:\/\/kuldkroon.ee\/en\/wp-json\/wp\/v2\/media\/20396"}],"wp:attachment":[{"href":"https:\/\/kuldkroon.ee\/en\/wp-json\/wp\/v2\/media?parent=20395"}],"wp:term":[{"taxonomy":"product_brand","embeddable":true,"href":"https:\/\/kuldkroon.ee\/en\/wp-json\/wp\/v2\/product_brand?post=20395"},{"taxonomy":"product_cat","embeddable":true,"href":"https:\/\/kuldkroon.ee\/en\/wp-json\/wp\/v2\/product_cat?post=20395"},{"taxonomy":"product_tag","embeddable":true,"href":"https:\/\/kuldkroon.ee\/en\/wp-json\/wp\/v2\/product_tag?post=20395"}],"curies":[{"name":"wp","href":"https:\/\/api.w.org\/{rel}","templated":true}]}}