{"id":19043,"date":"2019-03-26T14:55:13","date_gmt":"2019-03-26T14:55:13","guid":{"rendered":"https:\/\/kuldkroon.ee\/?post_type=product&#038;p=19043"},"modified":"2019-03-26T14:57:37","modified_gmt":"2019-03-26T14:57:37","slug":"concerto","status":"publish","type":"product","link":"https:\/\/kuldkroon.ee\/en\/toode\/concerto\/","title":{"rendered":"Concerto"},"content":{"rendered":"<h5><strong>Kes suudaks vastu panna\u00a0 taskukellale, mis m\u00e4ngib kaunist meloodiat? Esimene muusikatoosiga kell leiutati 200 aastat tagasi. Sellest ajast alates on muusikakellad alati k\u00f6itnud peeneid mehaanilisi kelli hindajaid h\u00e4rrasmehi ja kollektsion\u00e4\u00e4re..<\/strong><br \/>\n<strong>BOEGLI &#8211; \u00fcks v\u00e4heseid muusikakellade valmistajaid maailmas. Boegli Watch Limited asutati aastal 2000 Hr. Boegli poolt, kelle aastatepikkune p\u00fchendumus ja arvastus muusikakellade vastu on toonud meieni need erilised ajan\u00e4itajad. Kollektsiooni kuuluvad nii taksu- kui ka k\u00e4ekellad.<\/strong><\/h5>\n<p><strong>Who can resist the charm of an old pocket watch that plays a lovely melody? The first timepiece with musical movement was invented 200 years ago. Since then, musical watches have fascinated lovers of fine mechanical timepieces.<\/strong><\/p>\n<p>Boegli is one of the few watchmakers still producing these legendary timepieces. Made entirely in Switzerland by expert watchmakers, all our watches contain hand-assembled mechanical movements. Assembling all the parts of a musical watch is a very time-consuming process. And with every watch we make, listening to its melody for the first time is a very special moment. To ensure the highest degrees of excellence, we have developed special manufacturing techniques to make the sound of our musical watches as crystalline as possible. The manufacture of our watches requires all the exceptional skills of the watchmakers of Switzerland\u2019s Jura valley.<\/p>\n","protected":false},"excerpt":{"rendered":"<p>Pocket watch with cover<\/p>\n<p><b>Finish:<\/b>\u00a0palladium<br \/>\n<b>Case finish:<\/b>\u00a0polished (also available brushed)<br \/>\n<b>Movement:<\/b>\u00a0ETA 2660 skeleton, manual winding<br \/>\n<b>Musical movement:<\/b>\u00a0Ref. B.01 chrome plated with 17-blade comb<br \/>\n<b>Duration of melody:<\/b>\u00a090 seconds<br \/>\n<b>Dial:<\/b>enamelled gloss dial with Arabic numerals<br \/>\n<b>Warranty:<\/b>\u00a02 years<br \/>\n<b>Packaging:<\/b>\u00a0wooden presentation box<br \/>\nThe music plays by moving the lever on the back of the watch<\/p>\n<p>Mozart \u2013 The Magic Flute<br \/>\nVivaldi \u2013 The Four Seasons<br \/>\nBeethoven \u2013 F\u00fcr Elise<\/p>\n<p>Tarneaeg: 10 p\u00e4eva<\/p>\n","protected":false},"featured_media":19045,"comment_status":"open","ping_status":"closed","template":"","meta":{"_acf_changed":false},"product_brand":[],"product_cat":[1228],"product_tag":[],"class_list":{"0":"post-19043","1":"product","2":"type-product","3":"status-publish","4":"has-post-thumbnail","6":"product_cat-boegli-mangutoosiga-kellad","8":"first","9":"instock","10":"taxable","11":"shipping-taxable","12":"purchasable","13":"product-type-simple"},"acf":[],"_links":{"self":[{"href":"https:\/\/kuldkroon.ee\/en\/wp-json\/wp\/v2\/product\/19043","targetHints":{"allow":["GET"]}}],"collection":[{"href":"https:\/\/kuldkroon.ee\/en\/wp-json\/wp\/v2\/product"}],"about":[{"href":"https:\/\/kuldkroon.ee\/en\/wp-json\/wp\/v2\/types\/product"}],"replies":[{"embeddable":true,"href":"https:\/\/kuldkroon.ee\/en\/wp-json\/wp\/v2\/comments?post=19043"}],"wp:featuredmedia":[{"embeddable":true,"href":"https:\/\/kuldkroon.ee\/en\/wp-json\/wp\/v2\/media\/19045"}],"wp:attachment":[{"href":"https:\/\/kuldkroon.ee\/en\/wp-json\/wp\/v2\/media?parent=19043"}],"wp:term":[{"taxonomy":"product_brand","embeddable":true,"href":"https:\/\/kuldkroon.ee\/en\/wp-json\/wp\/v2\/product_brand?post=19043"},{"taxonomy":"product_cat","embeddable":true,"href":"https:\/\/kuldkroon.ee\/en\/wp-json\/wp\/v2\/product_cat?post=19043"},{"taxonomy":"product_tag","embeddable":true,"href":"https:\/\/kuldkroon.ee\/en\/wp-json\/wp\/v2\/product_tag?post=19043"}],"curies":[{"name":"wp","href":"https:\/\/api.w.org\/{rel}","templated":true}]}}